{"id":107,"date":"2020-09-09T09:22:31","date_gmt":"2020-09-09T07:22:31","guid":{"rendered":"https:\/\/brfstyrbord.se\/?page_id=107"},"modified":"2026-01-12T15:30:23","modified_gmt":"2026-01-12T14:30:23","slug":"styrelse","status":"publish","type":"page","link":"https:\/\/brfstyrbord.se\/?page_id=107","title":{"rendered":"F\u00f6reningens styrelse"},"content":{"rendered":"\n<p><strong>Styrelse<\/strong><\/p>\n\n\n\n<p>Vid \u00e5rsm\u00f6tet den 2025 valdes f\u00f6ljande till ny styrelse<\/p>\n\n\n\n<div class=\"wp-block-group\"><div class=\"wp-block-group__inner-container is-layout-flow wp-block-group-is-layout-flow\">\n<p><strong><br><\/strong>Anders Lennartsson &#8211; Ordf\u00f6rande<br>Qingyin Liu &#8211; Kass\u00f6r<br>Anne Rantz\u00e9n &#8211; Ordinarie ledamot<br>Christian Mattsson &#8211; Ordinarie ledamot, t.f. Sekreterare<br>Lisa Johansson &#8211; Ordinarie ledamot<br>Mattias Mattsson &#8211; Ordinarie ledamot<\/p>\n<\/div><\/div>\n\n\n\n<p><\/p>\n\n\n\n<p>Styrelsen kontaktas via mejl: <a rel=\"noreferrer noopener\" href=\"mailto:brfstyrbord@gmail.com\" target=\"_blank\"><strong><span style=\"text-decoration: underline;\">brfstyrbord@gmail.com<\/span><\/strong><\/a><\/p>\n\n\n\n<p><\/p>\n","protected":false},"excerpt":{"rendered":"<p>Styrelse Vid \u00e5rsm\u00f6tet den 2025 valdes f\u00f6ljande till ny styrelse Anders Lennartsson &#8211; Ordf\u00f6randeQingyin Liu &#8211; Kass\u00f6rAnne Rantz\u00e9n &#8211; Ordinarie ledamotChristian Mattsson &#8211; Ordinarie ledamot, t.f. SekreterareLisa Johansson &#8211; Ordinarie ledamotMattias Mattsson &#8211; Ordinarie ledamot Styrelsen kontaktas via mejl: brfstyrbord@gmail.com<\/p>\n","protected":false},"author":1,"featured_media":95,"parent":0,"menu_order":0,"comment_status":"closed","ping_status":"closed","template":"","meta":{"footnotes":""},"class_list":["post-107","page","type-page","status-publish","has-post-thumbnail","hentry"],"_links":{"self":[{"href":"https:\/\/brfstyrbord.se\/index.php?rest_route=\/wp\/v2\/pages\/107","targetHints":{"allow":["GET"]}}],"collection":[{"href":"https:\/\/brfstyrbord.se\/index.php?rest_route=\/wp\/v2\/pages"}],"about":[{"href":"https:\/\/brfstyrbord.se\/index.php?rest_route=\/wp\/v2\/types\/page"}],"author":[{"embeddable":true,"href":"https:\/\/brfstyrbord.se\/index.php?rest_route=\/wp\/v2\/users\/1"}],"replies":[{"embeddable":true,"href":"https:\/\/brfstyrbord.se\/index.php?rest_route=%2Fwp%2Fv2%2Fcomments&post=107"}],"version-history":[{"count":14,"href":"https:\/\/brfstyrbord.se\/index.php?rest_route=\/wp\/v2\/pages\/107\/revisions"}],"predecessor-version":[{"id":1300,"href":"https:\/\/brfstyrbord.se\/index.php?rest_route=\/wp\/v2\/pages\/107\/revisions\/1300"}],"wp:featuredmedia":[{"embeddable":true,"href":"https:\/\/brfstyrbord.se\/index.php?rest_route=\/wp\/v2\/media\/95"}],"wp:attachment":[{"href":"https:\/\/brfstyrbord.se\/index.php?rest_route=%2Fwp%2Fv2%2Fmedia&parent=107"}],"curies":[{"name":"wp","href":"https:\/\/api.w.org\/{rel}","templated":true}]}}