{"id":111,"date":"2020-09-09T09:30:14","date_gmt":"2020-09-09T07:30:14","guid":{"rendered":"https:\/\/brfstyrbord.se\/?page_id=111"},"modified":"2022-11-18T10:00:14","modified_gmt":"2022-11-18T09:00:14","slug":"teknisk-forvaltning","status":"publish","type":"page","link":"https:\/\/brfstyrbord.se\/?page_id=111","title":{"rendered":"Teknisk f\u00f6rvaltning"},"content":{"rendered":"\n<p>Byggnaderna som bostadsr\u00e4ttsf\u00f6reningen \u00e4ger kr\u00e4ver driftkontroll, service och underh\u00e5ll regelbundet. Bredablick F\u00f6rvaltning har handlats upp av bostadsr\u00e4ttsf\u00f6reningens styrelse och har varit med i projektets utveckling.<\/p>\n\n\n\n<p>Med r\u00e4tt teknisk f\u00f6rvaltning \u00f6kar boendetrivseln samtidigt som driftskostnaderna \u00e4r under kontroll. Bredablick F\u00f6rvaltning utf\u00f6r teknisk f\u00f6rvaltning med egen personal. De har skr\u00e4ddarsytt f\u00f6rvaltningen f\u00f6r just Styrbord. Bredablick kommer att se till att de yttre och inre utrymmena \u00e4r i ordning, att trapphusen \u00e4r st\u00e4dade och utemilj\u00f6n \u00e4r i gott skick. \u00d6vriga tj\u00e4nster som ocks\u00e5 ing\u00e5r \u00e4r felanm\u00e4lan, reparationer, drifts\u00f6vervakning, sn\u00f6r\u00f6jning och 24 timmars jourservice.<\/p>\n\n\n\n<p>Under det f\u00f6rsta \u00e5ret kommer en del fr\u00e5gor h\u00f6ra till entreprenaden men felanm\u00e4lan och kundansvarig f\u00f6rvaltare kommer att hj\u00e4lpa till att driva fr\u00e5gest\u00e4llningarna och se till s\u00e5 att \u00e4renden \u00e5tg\u00e4rdas.<\/p>\n\n\n\n<p>F\u00f6r att styrelsen ska f\u00e5 full kontroll och \u00f6versikt \u00f6ver arbetet som Bredablick utf\u00f6r kan de enkelt f\u00f6lja alla \u00e4renden och den dagliga sk\u00f6tseln via en webportal, Bredablick Online. H\u00e4r arbetas det med full transparens f\u00f6r att alla ska f\u00e5 all information om Bredablicks arbete och fastigheten.<\/p>\n\n\n\n<p>Kundansvarig f\u00f6r teknisk f\u00f6rvaltning p\u00e5 Bredablick \u00e4r Jesper Karlsson.<\/p>\n\n\n\n<figure class=\"wp-block-embed-youtube wp-block-embed is-type-video is-provider-youtube wp-embed-aspect-16-9 wp-has-aspect-ratio\"><div class=\"wp-block-embed__wrapper\">\n<iframe loading=\"lazy\" title=\"KajKanten: Jesper Karlsson\" width=\"525\" height=\"295\" src=\"https:\/\/www.youtube.com\/embed\/eiop6Y_sucU?feature=oembed\" frameborder=\"0\" allow=\"accelerometer; autoplay; clipboard-write; encrypted-media; gyroscope; picture-in-picture; web-share\" referrerpolicy=\"strict-origin-when-cross-origin\" allowfullscreen><\/iframe>\n<\/div><\/figure>\n\n\n\n<p><\/p>\n","protected":false},"excerpt":{"rendered":"<p>Byggnaderna som bostadsr\u00e4ttsf\u00f6reningen \u00e4ger kr\u00e4ver driftkontroll, service och underh\u00e5ll regelbundet. Bredablick F\u00f6rvaltning har handlats upp av bostadsr\u00e4ttsf\u00f6reningens styrelse och har varit med i projektets utveckling. Med r\u00e4tt teknisk f\u00f6rvaltning \u00f6kar boendetrivseln samtidigt som driftskostnaderna \u00e4r under kontroll. Bredablick F\u00f6rvaltning utf\u00f6r teknisk f\u00f6rvaltning med egen personal. De har skr\u00e4ddarsytt f\u00f6rvaltningen f\u00f6r just Styrbord. Bredablick kommer att &hellip; <\/p>\n<p class=\"link-more\"><a href=\"https:\/\/brfstyrbord.se\/?page_id=111\" class=\"more-link\">Forts\u00e4tt l\u00e4sa<span class=\"screen-reader-text\"> &#8221;Teknisk f\u00f6rvaltning&#8221;<\/span><\/a><\/p>\n","protected":false},"author":1,"featured_media":76,"parent":0,"menu_order":0,"comment_status":"closed","ping_status":"closed","template":"","meta":{"footnotes":""},"class_list":["post-111","page","type-page","status-publish","has-post-thumbnail","hentry"],"_links":{"self":[{"href":"https:\/\/brfstyrbord.se\/index.php?rest_route=\/wp\/v2\/pages\/111","targetHints":{"allow":["GET"]}}],"collection":[{"href":"https:\/\/brfstyrbord.se\/index.php?rest_route=\/wp\/v2\/pages"}],"about":[{"href":"https:\/\/brfstyrbord.se\/index.php?rest_route=\/wp\/v2\/types\/page"}],"author":[{"embeddable":true,"href":"https:\/\/brfstyrbord.se\/index.php?rest_route=\/wp\/v2\/users\/1"}],"replies":[{"embeddable":true,"href":"https:\/\/brfstyrbord.se\/index.php?rest_route=%2Fwp%2Fv2%2Fcomments&post=111"}],"version-history":[{"count":5,"href":"https:\/\/brfstyrbord.se\/index.php?rest_route=\/wp\/v2\/pages\/111\/revisions"}],"predecessor-version":[{"id":948,"href":"https:\/\/brfstyrbord.se\/index.php?rest_route=\/wp\/v2\/pages\/111\/revisions\/948"}],"wp:featuredmedia":[{"embeddable":true,"href":"https:\/\/brfstyrbord.se\/index.php?rest_route=\/wp\/v2\/media\/76"}],"wp:attachment":[{"href":"https:\/\/brfstyrbord.se\/index.php?rest_route=%2Fwp%2Fv2%2Fmedia&parent=111"}],"curies":[{"name":"wp","href":"https:\/\/api.w.org\/{rel}","templated":true}]}}