{"id":129,"date":"2020-09-11T09:23:06","date_gmt":"2020-09-11T07:23:06","guid":{"rendered":"https:\/\/brfstyrbord.se\/?page_id=129"},"modified":"2026-01-12T15:13:56","modified_gmt":"2026-01-12T14:13:56","slug":"gemensam-takterrass","status":"publish","type":"page","link":"https:\/\/brfstyrbord.se\/?page_id=129","title":{"rendered":"Gemensam takterrass"},"content":{"rendered":"\n<p>En stor gemensam terrass finns h\u00f6gst upp i hus M4 f\u00f6r alla boende i f\u00f6reningen. <\/p>\n\n\n\n<p>M\u00e5nga vill anv\u00e4nda takterrassen f\u00f6r mindre sammankomster. Den bokas via boendeportalen via SBC under bokningar: <a href=\"https:\/\/hemma.sbc.se\/kundportal\/login\">https:\/\/hemma.sbc.se\/kundportal\/login<\/a><\/p>\n\n\n\n<p>Fler \u00e4n ett s\u00e4llskap ska kunna samsas om utrymmet, s\u00e5 bokningen g\u00e4ller delen av terrassen mot havet. Kostnaden f\u00f6r att boka terrassen \u00e4r 100kr per tillf\u00e4lle.<\/p>\n\n\n\n<p><\/p>\n\n\n\n<p>Vi vill g\u00e4rna att det \u00e4r tyst p\u00e5 takterrassen kl. 22:00 och att man inte anv\u00e4nder n\u00e5gra st\u00f6rre musikanl\u00e4ggningar. Plocka undan skr\u00e4p, st\u00e4ll tillbaka m\u00f6blerna och l\u00e4gg dynorna d\u00e4r de h\u00f6r hemma. R\u00f6kning \u00e4r ej till\u00e5tet! Vi hj\u00e4lps \u00e5t att h\u00e5lla koll p\u00e5 att reglerna efterlevs.<br><\/p>\n\n\n\n<p><\/p>\n","protected":false},"excerpt":{"rendered":"<p>En stor gemensam terrass finns h\u00f6gst upp i hus M4 f\u00f6r alla boende i f\u00f6reningen. M\u00e5nga vill anv\u00e4nda takterrassen f\u00f6r mindre sammankomster. Den bokas via boendeportalen via SBC under bokningar: https:\/\/hemma.sbc.se\/kundportal\/login Fler \u00e4n ett s\u00e4llskap ska kunna samsas om utrymmet, s\u00e5 bokningen g\u00e4ller delen av terrassen mot havet. Kostnaden f\u00f6r att boka terrassen \u00e4r 100kr &hellip; <\/p>\n<p class=\"link-more\"><a href=\"https:\/\/brfstyrbord.se\/?page_id=129\" class=\"more-link\">Forts\u00e4tt l\u00e4sa<span class=\"screen-reader-text\"> &#8221;Gemensam takterrass&#8221;<\/span><\/a><\/p>\n","protected":false},"author":1,"featured_media":82,"parent":0,"menu_order":0,"comment_status":"closed","ping_status":"closed","template":"","meta":{"footnotes":""},"class_list":["post-129","page","type-page","status-publish","has-post-thumbnail","hentry"],"_links":{"self":[{"href":"https:\/\/brfstyrbord.se\/index.php?rest_route=\/wp\/v2\/pages\/129","targetHints":{"allow":["GET"]}}],"collection":[{"href":"https:\/\/brfstyrbord.se\/index.php?rest_route=\/wp\/v2\/pages"}],"about":[{"href":"https:\/\/brfstyrbord.se\/index.php?rest_route=\/wp\/v2\/types\/page"}],"author":[{"embeddable":true,"href":"https:\/\/brfstyrbord.se\/index.php?rest_route=\/wp\/v2\/users\/1"}],"replies":[{"embeddable":true,"href":"https:\/\/brfstyrbord.se\/index.php?rest_route=%2Fwp%2Fv2%2Fcomments&post=129"}],"version-history":[{"count":20,"href":"https:\/\/brfstyrbord.se\/index.php?rest_route=\/wp\/v2\/pages\/129\/revisions"}],"predecessor-version":[{"id":1296,"href":"https:\/\/brfstyrbord.se\/index.php?rest_route=\/wp\/v2\/pages\/129\/revisions\/1296"}],"wp:featuredmedia":[{"embeddable":true,"href":"https:\/\/brfstyrbord.se\/index.php?rest_route=\/wp\/v2\/media\/82"}],"wp:attachment":[{"href":"https:\/\/brfstyrbord.se\/index.php?rest_route=%2Fwp%2Fv2%2Fmedia&parent=129"}],"curies":[{"name":"wp","href":"https:\/\/api.w.org\/{rel}","templated":true}]}}