{"id":152,"date":"2020-09-14T08:25:05","date_gmt":"2020-09-14T06:25:05","guid":{"rendered":"https:\/\/brfstyrbord.se\/?page_id=152"},"modified":"2026-01-12T15:32:47","modified_gmt":"2026-01-12T14:32:47","slug":"kontakt","status":"publish","type":"page","link":"https:\/\/brfstyrbord.se\/?page_id=152","title":{"rendered":"Fel\/Kontakt"},"content":{"rendered":"\n<p>Kontakta v\u00e5r f\u00f6rvaltare Bredablick med fr\u00e5gor eller eventuella felanm\u00e4lningar genom att skriva i formul\u00e4ret nedan. Mottagandet bekr\u00e4ftas d\u00e4refter i tv\u00e5 steg. N\u00e4r fr\u00e5gan\/felanm\u00e4lan skickas iv\u00e4g f\u00e5r ni ett meddelande att den kommit dem tillhanda korrekt. N\u00e4r fr\u00e5gan\/anm\u00e4lan \u00e4r registrerad i Bredablicks system f\u00e5r ni \u00e4nnu ett meddelande med ett \u00e4rendenummer.<\/p>\n\n\n\n<p><\/p>\n\n\n\n<p><\/p>\n\n\n\n<p>Vid br\u00e5dskande fel kontakta f\u00f6rvaltaren Bredablick p\u00e5;<br>010 \u2013 177 59 00<br>\u00d6ppettider vardagar 08.30-16.00.<br>\u00d6vrig tid kopplas ni vidare till v\u00e5r fastighetsjour.<\/p>\n\n\n\n<p><\/p>\n","protected":false},"excerpt":{"rendered":"<p>Kontakta v\u00e5r f\u00f6rvaltare Bredablick med fr\u00e5gor eller eventuella felanm\u00e4lningar genom att skriva i formul\u00e4ret nedan. Mottagandet bekr\u00e4ftas d\u00e4refter i tv\u00e5 steg. N\u00e4r fr\u00e5gan\/felanm\u00e4lan skickas iv\u00e4g f\u00e5r ni ett meddelande att den kommit dem tillhanda korrekt. N\u00e4r fr\u00e5gan\/anm\u00e4lan \u00e4r registrerad i Bredablicks system f\u00e5r ni \u00e4nnu ett meddelande med ett \u00e4rendenummer. Vid br\u00e5dskande fel kontakta f\u00f6rvaltaren &hellip; <\/p>\n<p class=\"link-more\"><a href=\"https:\/\/brfstyrbord.se\/?page_id=152\" class=\"more-link\">Forts\u00e4tt l\u00e4sa<span class=\"screen-reader-text\"> &#8221;Fel\/Kontakt&#8221;<\/span><\/a><\/p>\n","protected":false},"author":1,"featured_media":0,"parent":0,"menu_order":0,"comment_status":"closed","ping_status":"closed","template":"","meta":{"footnotes":""},"class_list":["post-152","page","type-page","status-publish","hentry"],"_links":{"self":[{"href":"https:\/\/brfstyrbord.se\/index.php?rest_route=\/wp\/v2\/pages\/152","targetHints":{"allow":["GET"]}}],"collection":[{"href":"https:\/\/brfstyrbord.se\/index.php?rest_route=\/wp\/v2\/pages"}],"about":[{"href":"https:\/\/brfstyrbord.se\/index.php?rest_route=\/wp\/v2\/types\/page"}],"author":[{"embeddable":true,"href":"https:\/\/brfstyrbord.se\/index.php?rest_route=\/wp\/v2\/users\/1"}],"replies":[{"embeddable":true,"href":"https:\/\/brfstyrbord.se\/index.php?rest_route=%2Fwp%2Fv2%2Fcomments&post=152"}],"version-history":[{"count":14,"href":"https:\/\/brfstyrbord.se\/index.php?rest_route=\/wp\/v2\/pages\/152\/revisions"}],"predecessor-version":[{"id":1302,"href":"https:\/\/brfstyrbord.se\/index.php?rest_route=\/wp\/v2\/pages\/152\/revisions\/1302"}],"wp:attachment":[{"href":"https:\/\/brfstyrbord.se\/index.php?rest_route=%2Fwp%2Fv2%2Fmedia&parent=152"}],"curies":[{"name":"wp","href":"https:\/\/api.w.org\/{rel}","templated":true}]}}