{"id":165,"date":"2020-09-14T08:36:09","date_gmt":"2020-09-14T06:36:09","guid":{"rendered":"https:\/\/brfstyrbord.se\/?page_id=165"},"modified":"2022-11-18T10:00:14","modified_gmt":"2022-11-18T09:00:14","slug":"sophantering","status":"publish","type":"page","link":"https:\/\/brfstyrbord.se\/?page_id=165","title":{"rendered":"Sophantering"},"content":{"rendered":"\n<p>I milj\u00f6huset mitt p\u00e5 g\u00e5rden finns tunnor f\u00f6r olika typer av avfall (fraktioner). V\u00e4nligen f\u00f6lj instruktionerna som finns p\u00e5 tunnorna och v\u00e4ggen.<br><br>T\u00e4nk p\u00e5 att inte l\u00e4gga n\u00e5got p\u00e5 sidan av tunnorna &#8211; f\u00f6r d\u00e5 g\u00f6rs tyv\u00e4rr ingen t\u00f6mning.<br><br>Skrymmande material sl\u00e4ngs p\u00e5 en \u00e5tervinningscentral. Den n\u00e4rmsta stora \u00e5tervinningscentralen finns i Bunkeflo, Gottorpsv\u00e4gen 52. Se aktuella tider p\u00e5 <a href=\"http:\/\/www.sysav.se\/Bunkeflo\" target=\"_blank\" rel=\"noreferrer noopener\">www.sysav.se\/Bunkeflo<\/a>.<\/p>\n\n\n\n<p>Mat- och restavfall t\u00f6ms 2 g\u00e5nger\/vecka.<\/p>\n\n\n\n<p>\u00d6vrig \u00e5tervinning , s\u00e5som kartong, papper och glas, t\u00f6ms 1 g\u00e5ng\/vecka.<\/p>\n\n\n\n<p>Batteriholkar och beh\u00e5llare f\u00f6r lysr\u00f6r och gl\u00f6dlampor t\u00f6ms vid behov.<\/p>\n","protected":false},"excerpt":{"rendered":"<p>I milj\u00f6huset mitt p\u00e5 g\u00e5rden finns tunnor f\u00f6r olika typer av avfall (fraktioner). V\u00e4nligen f\u00f6lj instruktionerna som finns p\u00e5 tunnorna och v\u00e4ggen. T\u00e4nk p\u00e5 att inte l\u00e4gga n\u00e5got p\u00e5 sidan av tunnorna &#8211; f\u00f6r d\u00e5 g\u00f6rs tyv\u00e4rr ingen t\u00f6mning. Skrymmande material sl\u00e4ngs p\u00e5 en \u00e5tervinningscentral. Den n\u00e4rmsta stora \u00e5tervinningscentralen finns i Bunkeflo, Gottorpsv\u00e4gen 52. Se &hellip; <\/p>\n<p class=\"link-more\"><a href=\"https:\/\/brfstyrbord.se\/?page_id=165\" class=\"more-link\">Forts\u00e4tt l\u00e4sa<span class=\"screen-reader-text\"> &#8221;Sophantering&#8221;<\/span><\/a><\/p>\n","protected":false},"author":1,"featured_media":0,"parent":0,"menu_order":0,"comment_status":"closed","ping_status":"closed","template":"","meta":{"footnotes":""},"class_list":["post-165","page","type-page","status-publish","hentry"],"_links":{"self":[{"href":"https:\/\/brfstyrbord.se\/index.php?rest_route=\/wp\/v2\/pages\/165","targetHints":{"allow":["GET"]}}],"collection":[{"href":"https:\/\/brfstyrbord.se\/index.php?rest_route=\/wp\/v2\/pages"}],"about":[{"href":"https:\/\/brfstyrbord.se\/index.php?rest_route=\/wp\/v2\/types\/page"}],"author":[{"embeddable":true,"href":"https:\/\/brfstyrbord.se\/index.php?rest_route=\/wp\/v2\/users\/1"}],"replies":[{"embeddable":true,"href":"https:\/\/brfstyrbord.se\/index.php?rest_route=%2Fwp%2Fv2%2Fcomments&post=165"}],"version-history":[{"count":3,"href":"https:\/\/brfstyrbord.se\/index.php?rest_route=\/wp\/v2\/pages\/165\/revisions"}],"predecessor-version":[{"id":1006,"href":"https:\/\/brfstyrbord.se\/index.php?rest_route=\/wp\/v2\/pages\/165\/revisions\/1006"}],"wp:attachment":[{"href":"https:\/\/brfstyrbord.se\/index.php?rest_route=%2Fwp%2Fv2%2Fmedia&parent=165"}],"curies":[{"name":"wp","href":"https:\/\/api.w.org\/{rel}","templated":true}]}}