{"id":168,"date":"2020-09-14T08:37:37","date_gmt":"2020-09-14T06:37:37","guid":{"rendered":"https:\/\/brfstyrbord.se\/?page_id=168"},"modified":"2026-03-10T10:56:22","modified_gmt":"2026-03-10T09:56:22","slug":"parkering","status":"publish","type":"page","link":"https:\/\/brfstyrbord.se\/?page_id=168","title":{"rendered":"Parkering"},"content":{"rendered":"\n<h4 class=\"wp-block-heading\"><\/h4>\n\n\n\n<p>Brf Styrbord har 36 garageplatser, 10 markplatser l\u00e4ngs Limhamns stationsv\u00e4g samt f\u00f6rtur till 14 platser i Multihuset.<\/p>\n\n\n\n<h4 class=\"wp-block-heading\">Markplatser<\/h4>\n\n\n\n<p>Apcoa \u00f6vervakar markplatserna f\u00f6r felparkerade bilar och det \u00e4r d\u00e4rf\u00f6r viktigt att ha sin dekal tydligt placerad i framrutans v\u00e4nstra kant. I h\u00e4ndelse av att n\u00e5gon bil felparkerad p\u00e5 ens plats ska man ringa till Apcoa p\u00e5 08-556 306 70 (v\u00e4lj vidare alternativ 3), helst innan kl 12.00 s\u00e5 det kan \u00e5tg\u00e4rdas i dagens rond. Efter kl 16 samt p\u00e5 helger ska man ringa f\u00f6ljande journummer: 0771-40 10 20. Du anm\u00e4ler med ditt platsnummer p\u00e5 Limhamns stationsv\u00e4g.<\/p>\n\n\n\n<h4 class=\"wp-block-heading\">MC-plats<\/h4>\n\n\n\n<p>Det finns ett utrymme f\u00f6r en MC i garaget (den \u00e4r idag uthyrd).<\/p>\n\n\n\n<h4 class=\"wp-block-heading\">Laddboxar<\/h4>\n\n\n\n<p>F\u00f6reningen har nu best\u00e4llt framdragning av elektricitet till samtliga platser i garaget f\u00f6r framtida behov av laddning. Arbetet p\u00e5b\u00f6rjas den 14\/3 2022. Om du inom den n\u00e4rmsta tiden har behov av en laddare till din parkeringsplats, v\u00e4nligen kontakta Helena Lid\u00e9n p\u00e5 f\u00f6reningens mejl brfstyrbord@gmail.com. Vi har \u00e4ven s\u00e4nkt m\u00e5nadskostnaden fr\u00e5n 500 kr till 250 kr. <\/p>\n\n\n\n<h4 class=\"wp-block-heading\">K\u00f6lista<\/h4>\n\n\n\n<p>Det finns en k\u00f6lista till parkeringsplatserna i f\u00f6reningen och det \u00e4r samma lista f\u00f6r b\u00e5de garage- och markplats. Man anm\u00e4ler sig till k\u00f6listan genom att skicka ett mejl till brfstyrbord@gmail.com. K\u00f6listan uppdateras kontinuerligt och finns att sk\u00e5da h\u00e4r nedan. L\u00e4genhetsnummer \u00e4r angivna i listan.<\/p>\n\n\n\n<p>F\u00f6ljande g\u00e4ller f\u00f6r k\u00f6listan:<br>&#8211; Erbjuds man en markparkeringsplats kan man tacka nej och \u00e4nd\u00e5 st\u00e5 kvar i k\u00f6 f\u00f6r garageplats, men ej l\u00e4ngre f\u00f6r markplats. N\u00e4r man d\u00e4refter erbjuds plats i garaget \u00e4r man tvungen att ta den platsen, annars stryks man fr\u00e5n listan.<br>&#8211; Erbjuds man plats i garaget kan man tacka nej och \u00e4nd\u00e5 st\u00e5 kvar i k\u00f6 f\u00f6r markplats, men ej l\u00e4ngre f\u00f6r garageplats. N\u00e4r man d\u00e4refter erbjuds markplats \u00e4r man tvungen att ta den platsen, annars stryks man fr\u00e5n listan.<br>&#8211; Om man redan har plats och \u00f6nskar byta plats fr\u00e5n mark till garage eller vice versa f\u00e5r man st\u00e4lla sig i k\u00f6 p\u00e5 nytt.<br>&#8211; Det finns en separat lista f\u00f6r medlemmar som \u00f6nskar en andra parkeringsplats. Ingen medlem kan f\u00e5 en andra plats innan alla har tilldelats en f\u00f6rsta plats.<br><\/p>\n\n\n\n<p><strong>Parkering i Multihuset<\/strong><\/p>\n\n\n\n<p>Det finns lediga platser i Multihuset (infart Bryggan) som \u00e4r \u00f6ronm\u00e4rkta till Brf Styrbord. Avtal tecknas direkt med Apcoa. <\/p>\n\n\n\n<p>F\u00f6r att hyra plats i Multihuset, f\u00f6lj l\u00e4nken:<br><a href=\"https:\/\/hyra.apcoa.se\/garage\/details\/ce7694ca-9ab1-4774-b3b5-a760c7922652\" data-type=\"URL\" data-id=\"https:\/\/hyra.apcoa.se\/garage\/details\/ce7694ca-9ab1-4774-b3b5-a760c7922652\">https:\/\/hyra.apcoa.se\/garage\/details\/ce7694ca-9ab1-4774-b3b5-a760c7922652<\/a><\/p>\n\n\n\n<p>L\u00e4ngst ner v\u00e4ljer man Boende Brf Styrbord. Anm\u00e4l alltid till brfstyrbord@gmail.com om du v\u00e4ljer detta alternativ f\u00f6r att styrelsen ska veta hur m\u00e5nga platser som finns kvar till f\u00f6reningens f\u00f6rfogande.<\/p>\n\n\n\n<p>Hyra betalas kvartalsvis. Upps\u00e4gningstiden \u00e4r l\u00e5ng, s\u00e5 var v\u00e4nlig och l\u00e4s kontraktet noggrant. Ni f\u00e5r naturligtvis st\u00e5 kvar i k\u00f6n till parkeringsplats i Brf Styrbord, men ni ansvarar sj\u00e4lva f\u00f6r eventuell \u00f6verlappning som kan ske om ni tilldelas plats i f\u00f6reningen. Platserna \u00e4r omarkerade och det \u00e4r fritt att v\u00e4lja var man vill st\u00e5 (det ska alltid finnas plats). Man kan registrera flera bilar p\u00e5 samma kontrakt, men naturligtvis enbart ha en bil parkerad \u00e5t g\u00e5ngen. F\u00f6r att f\u00e5 garageporten att \u00f6ppnas m\u00e5ste man k\u00f6ra ganska n\u00e4ra den. Bilens registreringsskylt k\u00e4nns igen av en kamera och d\u00f6rren \u00f6ppnas. <\/p>\n\n\n\n<p><strong>K\u00f6lista parkering<\/strong><\/p>\n\n\n\n<p>K\u00f6listan till parkeringen uppdateras l\u00f6pande. Senaste uppdatering 26-03-10.<\/p>\n\n\n\n<p><\/p>\n\n\n\n<figure class=\"wp-block-image size-full\"><img loading=\"lazy\" decoding=\"async\" width=\"754\" height=\"461\" src=\"https:\/\/brfstyrbord.se\/wp-content\/uploads\/2026\/03\/image.png\" alt=\"\" class=\"wp-image-1304\" srcset=\"https:\/\/brfstyrbord.se\/wp-content\/uploads\/2026\/03\/image.png 754w, https:\/\/brfstyrbord.se\/wp-content\/uploads\/2026\/03\/image-300x183.png 300w\" sizes=\"auto, (max-width: 706px) 89vw, (max-width: 767px) 82vw, 740px\" \/><\/figure>\n","protected":false},"excerpt":{"rendered":"<p>Brf Styrbord har 36 garageplatser, 10 markplatser l\u00e4ngs Limhamns stationsv\u00e4g samt f\u00f6rtur till 14 platser i Multihuset. Markplatser Apcoa \u00f6vervakar markplatserna f\u00f6r felparkerade bilar och det \u00e4r d\u00e4rf\u00f6r viktigt att ha sin dekal tydligt placerad i framrutans v\u00e4nstra kant. I h\u00e4ndelse av att n\u00e5gon bil felparkerad p\u00e5 ens plats ska man ringa till Apcoa p\u00e5 &hellip; <\/p>\n<p class=\"link-more\"><a href=\"https:\/\/brfstyrbord.se\/?page_id=168\" class=\"more-link\">Forts\u00e4tt l\u00e4sa<span class=\"screen-reader-text\"> &#8221;Parkering&#8221;<\/span><\/a><\/p>\n","protected":false},"author":1,"featured_media":0,"parent":0,"menu_order":0,"comment_status":"closed","ping_status":"closed","template":"","meta":{"footnotes":""},"class_list":["post-168","page","type-page","status-publish","hentry"],"_links":{"self":[{"href":"https:\/\/brfstyrbord.se\/index.php?rest_route=\/wp\/v2\/pages\/168","targetHints":{"allow":["GET"]}}],"collection":[{"href":"https:\/\/brfstyrbord.se\/index.php?rest_route=\/wp\/v2\/pages"}],"about":[{"href":"https:\/\/brfstyrbord.se\/index.php?rest_route=\/wp\/v2\/types\/page"}],"author":[{"embeddable":true,"href":"https:\/\/brfstyrbord.se\/index.php?rest_route=\/wp\/v2\/users\/1"}],"replies":[{"embeddable":true,"href":"https:\/\/brfstyrbord.se\/index.php?rest_route=%2Fwp%2Fv2%2Fcomments&post=168"}],"version-history":[{"count":43,"href":"https:\/\/brfstyrbord.se\/index.php?rest_route=\/wp\/v2\/pages\/168\/revisions"}],"predecessor-version":[{"id":1305,"href":"https:\/\/brfstyrbord.se\/index.php?rest_route=\/wp\/v2\/pages\/168\/revisions\/1305"}],"wp:attachment":[{"href":"https:\/\/brfstyrbord.se\/index.php?rest_route=%2Fwp%2Fv2%2Fmedia&parent=168"}],"curies":[{"name":"wp","href":"https:\/\/api.w.org\/{rel}","templated":true}]}}