{"id":196,"date":"2020-09-14T08:49:01","date_gmt":"2020-09-14T06:49:01","guid":{"rendered":"https:\/\/brfstyrbord.se\/?page_id=196"},"modified":"2023-05-24T14:23:13","modified_gmt":"2023-05-24T12:23:13","slug":"balkonger","status":"publish","type":"page","link":"https:\/\/brfstyrbord.se\/?page_id=196","title":{"rendered":"Balkonger"},"content":{"rendered":"\n<h2 class=\"wp-block-heading\">Ladda ner borschyrer:<\/h2>\n\n\n\n<ul class=\"wp-block-list\">\n<li><a href=\"https:\/\/brfstyrbord.se\/wp-content\/uploads\/2020\/09\/Beskrivning-DS-balkonger.pdf\" data-type=\"URL\" data-id=\"https:\/\/brfstyrbord.se\/wp-content\/uploads\/2020\/09\/Beskrivning-DS-balkonger.pdf\">Beskrivnings-ds-balkonger.pdf<\/a><\/li>\n<\/ul>\n\n\n\n<p>Kom ih\u00e5g att olja in era balkonger med j\u00e4mna mellanrum (vartannat \u00e5r)<\/p>\n","protected":false},"excerpt":{"rendered":"<p>Ladda ner borschyrer: Kom ih\u00e5g att olja in era balkonger med j\u00e4mna mellanrum (vartannat \u00e5r)<\/p>\n","protected":false},"author":1,"featured_media":0,"parent":0,"menu_order":0,"comment_status":"closed","ping_status":"closed","template":"","meta":{"footnotes":""},"class_list":["post-196","page","type-page","status-publish","hentry"],"_links":{"self":[{"href":"https:\/\/brfstyrbord.se\/index.php?rest_route=\/wp\/v2\/pages\/196","targetHints":{"allow":["GET"]}}],"collection":[{"href":"https:\/\/brfstyrbord.se\/index.php?rest_route=\/wp\/v2\/pages"}],"about":[{"href":"https:\/\/brfstyrbord.se\/index.php?rest_route=\/wp\/v2\/types\/page"}],"author":[{"embeddable":true,"href":"https:\/\/brfstyrbord.se\/index.php?rest_route=\/wp\/v2\/users\/1"}],"replies":[{"embeddable":true,"href":"https:\/\/brfstyrbord.se\/index.php?rest_route=%2Fwp%2Fv2%2Fcomments&post=196"}],"version-history":[{"count":7,"href":"https:\/\/brfstyrbord.se\/index.php?rest_route=\/wp\/v2\/pages\/196\/revisions"}],"predecessor-version":[{"id":1223,"href":"https:\/\/brfstyrbord.se\/index.php?rest_route=\/wp\/v2\/pages\/196\/revisions\/1223"}],"wp:attachment":[{"href":"https:\/\/brfstyrbord.se\/index.php?rest_route=%2Fwp%2Fv2%2Fmedia&parent=196"}],"curies":[{"name":"wp","href":"https:\/\/api.w.org\/{rel}","templated":true}]}}