{"id":202,"date":"2020-09-14T08:50:14","date_gmt":"2020-09-14T06:50:14","guid":{"rendered":"https:\/\/brfstyrbord.se\/?page_id=202"},"modified":"2024-06-12T15:01:38","modified_gmt":"2024-06-12T13:01:38","slug":"inglasning","status":"publish","type":"page","link":"https:\/\/brfstyrbord.se\/?page_id=202","title":{"rendered":"Inglasning"},"content":{"rendered":"\n<h2 class=\"wp-block-heading\">Ladda ner<\/h2>\n\n\n\n<ul class=\"wp-block-list\">\n<li><a href=\"https:\/\/brfstyrbord.se\/wp-content\/uploads\/2020\/09\/Balkonginglasningsleverantor-ar-Svenska-Lumon-AB2.pdf\">Balkonginglasningsleverant\u00f6r<\/a><\/li>\n<\/ul>\n\n\n\n<p>Balkonginglasningsleverant\u00f6r \u00e4r Svenska Lumon AB. Det \u00e4r ett finskt familjef\u00f6retag (40 \u00e5r i branschen) med egna fabriker och tillverkning i Finland.<\/p>\n\n\n\n<p>De \u00e4r ensamma om att kunna leverera 12 mm tjocka raml\u00f6sa glaspartier. De har \u00e4ven patent p\u00e5 sitt handtag med enhands\u00f6ppning.<\/p>\n\n\n\n<p>\u00c5terf\u00f6rs\u00e4ljare och mont\u00f6r \u00e4r Prefil AB som monterat Lumons inglasningar i 12 \u00e5r, kontaktperson \u00e4r Susanne \u00c5hstr\u00f6m, tel 0790-744 533, mail susanne.ahstrom@prefil.se<\/p>\n\n\n\n<p>De har en utst\u00e4llning d\u00e4r man kan titta n\u00e4rmre p\u00e5 produkten, denna hittar Ni hos Makajo Showroom Nordenski\u00f6ldsg 6, 211 19 Malm\u00f6.<\/p>\n\n\n\n<p>Prefil AB har \u00e4ven levererat och monterat alla inglasningar l\u00e4ngs kajkanten i Limhamns sj\u00f6stad d\u00e4r man kan promenera och titta p\u00e5 inglasningarna. Rosengrensgatan 3 har samma l\u00f6sning med en inglasad del &amp; en \u00f6ppen balkongdel.<\/p>\n\n\n\n<p>Styrelsen har sedan maj 2024 beslutat att f\u00e4rger som till\u00e5ts p\u00e5 jalusier eller persienner till inglasningarna \u00e4r beige, ljusgr\u00e5 eller vit. Detta f\u00f6r att bibeh\u00e5lla ett enhetligt intryck. <\/p>\n\n\n\n<p><\/p>\n","protected":false},"excerpt":{"rendered":"<p>Ladda ner Balkonginglasningsleverant\u00f6r \u00e4r Svenska Lumon AB. Det \u00e4r ett finskt familjef\u00f6retag (40 \u00e5r i branschen) med egna fabriker och tillverkning i Finland. De \u00e4r ensamma om att kunna leverera 12 mm tjocka raml\u00f6sa glaspartier. De har \u00e4ven patent p\u00e5 sitt handtag med enhands\u00f6ppning. \u00c5terf\u00f6rs\u00e4ljare och mont\u00f6r \u00e4r Prefil AB som monterat Lumons inglasningar i &hellip; <\/p>\n<p class=\"link-more\"><a href=\"https:\/\/brfstyrbord.se\/?page_id=202\" class=\"more-link\">Forts\u00e4tt l\u00e4sa<span class=\"screen-reader-text\"> &#8221;Inglasning&#8221;<\/span><\/a><\/p>\n","protected":false},"author":1,"featured_media":0,"parent":0,"menu_order":0,"comment_status":"closed","ping_status":"closed","template":"","meta":{"footnotes":""},"class_list":["post-202","page","type-page","status-publish","hentry"],"_links":{"self":[{"href":"https:\/\/brfstyrbord.se\/index.php?rest_route=\/wp\/v2\/pages\/202","targetHints":{"allow":["GET"]}}],"collection":[{"href":"https:\/\/brfstyrbord.se\/index.php?rest_route=\/wp\/v2\/pages"}],"about":[{"href":"https:\/\/brfstyrbord.se\/index.php?rest_route=\/wp\/v2\/types\/page"}],"author":[{"embeddable":true,"href":"https:\/\/brfstyrbord.se\/index.php?rest_route=\/wp\/v2\/users\/1"}],"replies":[{"embeddable":true,"href":"https:\/\/brfstyrbord.se\/index.php?rest_route=%2Fwp%2Fv2%2Fcomments&post=202"}],"version-history":[{"count":7,"href":"https:\/\/brfstyrbord.se\/index.php?rest_route=\/wp\/v2\/pages\/202\/revisions"}],"predecessor-version":[{"id":1253,"href":"https:\/\/brfstyrbord.se\/index.php?rest_route=\/wp\/v2\/pages\/202\/revisions\/1253"}],"wp:attachment":[{"href":"https:\/\/brfstyrbord.se\/index.php?rest_route=%2Fwp%2Fv2%2Fmedia&parent=202"}],"curies":[{"name":"wp","href":"https:\/\/api.w.org\/{rel}","templated":true}]}}