{"id":222,"date":"2020-09-14T09:03:11","date_gmt":"2020-09-14T07:03:11","guid":{"rendered":"https:\/\/brfstyrbord.se\/?page_id=222"},"modified":"2022-11-18T10:00:28","modified_gmt":"2022-11-18T09:00:28","slug":"golv","status":"publish","type":"page","link":"https:\/\/brfstyrbord.se\/?page_id=222","title":{"rendered":"Golv"},"content":{"rendered":"\n<h2 class=\"wp-block-heading\">Ladda ner borschyrer:<\/h2>\n\n\n\n<ul class=\"wp-block-list\"><li><a href=\"https:\/\/brfstyrbord.se\/wp-content\/uploads\/2020\/09\/Inv-trapp-ATAB-Sk\u0424tselanvisning.pdf\" data-type=\"URL\" data-id=\"https:\/\/brfstyrbord.se\/wp-content\/uploads\/2020\/09\/Inv-trapp-ATAB-Sk\u0424tselanvisning.pdf\">Inv-trapp-ATAB-sk\u00f6tselanvisning.pdf<\/a><\/li><li><a href=\"https:\/\/brfstyrbord.se\/wp-content\/uploads\/2020\/09\/K\u0414hrs-underh\u0416llsguide-f\u0424r-bost\u0414der.pdf\" data-type=\"URL\" data-id=\"https:\/\/brfstyrbord.se\/wp-content\/uploads\/2020\/09\/K\u0414hrs-underh\u0416llsguide-f\u0424r-bost\u0414der.pdf\">K\u00e4hrs-underh\u00e5llsguide-f\u00f6r-bost\u00e4der.pdf<\/a><\/li><li><a href=\"https:\/\/brfstyrbord.se\/wp-content\/uploads\/2020\/09\/Sk\u0424tsel-for-keramiska-plattor-webb.pdf\" data-type=\"URL\" data-id=\"https:\/\/brfstyrbord.se\/wp-content\/uploads\/2020\/09\/Sk\u0424tsel-for-keramiska-plattor-webb.pdf\">Sk\u00f6tsel-f\u00f6r-keramiska-plattor-webb.pdf<\/a><\/li><li><a href=\"https:\/\/brfstyrbord.se\/wp-content\/uploads\/2020\/09\/Sk\u0424tsel_KOKOSBORST.pdf\" data-type=\"URL\" data-id=\"https:\/\/brfstyrbord.se\/wp-content\/uploads\/2020\/09\/Sk\u0424tsel_KOKOSBORST.pdf\">Sk\u00f6tsel_KOKOSBORST.pdf<\/a><\/li><li><a href=\"https:\/\/brfstyrbord.se\/wp-content\/uploads\/2020\/09\/Sk\u0424tselr\u0416d-Tr\u0414golv-Lackade.pdf\" data-type=\"URL\" data-id=\"https:\/\/brfstyrbord.se\/wp-content\/uploads\/2020\/09\/Sk\u0424tselr\u0416d-Tr\u0414golv-Lackade.pdf\">Sk\u00f6tselr\u00e5d-Tr\u00e4golv-Lackade.pdf<\/a><\/li><\/ul>\n","protected":false},"excerpt":{"rendered":"<p>Ladda ner borschyrer: Inv-trapp-ATAB-sk\u00f6tselanvisning.pdf K\u00e4hrs-underh\u00e5llsguide-f\u00f6r-bost\u00e4der.pdf Sk\u00f6tsel-f\u00f6r-keramiska-plattor-webb.pdf Sk\u00f6tsel_KOKOSBORST.pdf Sk\u00f6tselr\u00e5d-Tr\u00e4golv-Lackade.pdf<\/p>\n","protected":false},"author":1,"featured_media":0,"parent":0,"menu_order":0,"comment_status":"closed","ping_status":"closed","template":"","meta":{"footnotes":""},"class_list":["post-222","page","type-page","status-publish","hentry"],"_links":{"self":[{"href":"https:\/\/brfstyrbord.se\/index.php?rest_route=\/wp\/v2\/pages\/222","targetHints":{"allow":["GET"]}}],"collection":[{"href":"https:\/\/brfstyrbord.se\/index.php?rest_route=\/wp\/v2\/pages"}],"about":[{"href":"https:\/\/brfstyrbord.se\/index.php?rest_route=\/wp\/v2\/types\/page"}],"author":[{"embeddable":true,"href":"https:\/\/brfstyrbord.se\/index.php?rest_route=\/wp\/v2\/users\/1"}],"replies":[{"embeddable":true,"href":"https:\/\/brfstyrbord.se\/index.php?rest_route=%2Fwp%2Fv2%2Fcomments&post=222"}],"version-history":[{"count":5,"href":"https:\/\/brfstyrbord.se\/index.php?rest_route=\/wp\/v2\/pages\/222\/revisions"}],"predecessor-version":[{"id":647,"href":"https:\/\/brfstyrbord.se\/index.php?rest_route=\/wp\/v2\/pages\/222\/revisions\/647"}],"wp:attachment":[{"href":"https:\/\/brfstyrbord.se\/index.php?rest_route=%2Fwp%2Fv2%2Fmedia&parent=222"}],"curies":[{"name":"wp","href":"https:\/\/api.w.org\/{rel}","templated":true}]}}