{"id":228,"date":"2020-09-14T09:04:03","date_gmt":"2020-09-14T07:04:03","guid":{"rendered":"https:\/\/brfstyrbord.se\/?page_id=228"},"modified":"2022-11-18T10:00:28","modified_gmt":"2022-11-18T09:00:28","slug":"fonster","status":"publish","type":"page","link":"https:\/\/brfstyrbord.se\/?page_id=228","title":{"rendered":"F\u00f6nster"},"content":{"rendered":"\n<h2 class=\"wp-block-heading\">Ladda ner borschyrer:<\/h2>\n\n\n\n<ul class=\"wp-block-list\"><li><a href=\"https:\/\/brfstyrbord.se\/wp-content\/uploads\/2020\/09\/H-Fonstret-Lysekil-Underhall-2019-1.pdf\" data-type=\"URL\" data-id=\"https:\/\/brfstyrbord.se\/wp-content\/uploads\/2020\/09\/H-Fonstret-Lysekil-Underhall-2019-1.pdf\">Underh\u00e5llsanvisning<\/a><\/li><li><a href=\"https:\/\/brfstyrbord.se\/wp-content\/uploads\/2020\/09\/BRF-Styrbord-pa-Limhamn-Saljbrev2.pdf\">Solflex<\/a><\/li><li><a href=\"https:\/\/brfstyrbord.se\/wp-content\/uploads\/2020\/09\/Fonster-Persienner-och-solskydd-text.pdf\" data-type=\"URL\" data-id=\"https:\/\/brfstyrbord.se\/wp-content\/uploads\/2020\/09\/Fonster-Persienner-och-solskydd-text.pdf\">F\u00f6nster-Persienner-och-solskydd-text.pdf<\/a><\/li><\/ul>\n\n\n\n<div class=\"wp-block-image\"><figure class=\"alignleft size-large is-resized\"><img loading=\"lazy\" decoding=\"async\" src=\"https:\/\/brfstyrbord.se\/wp-content\/uploads\/2020\/09\/Window-IMG_2188-edited.jpg\" alt=\"\" class=\"wp-image-871\" width=\"367\" height=\"489\" srcset=\"https:\/\/brfstyrbord.se\/wp-content\/uploads\/2020\/09\/Window-IMG_2188-edited.jpg 1512w, https:\/\/brfstyrbord.se\/wp-content\/uploads\/2020\/09\/Window-IMG_2188-edited-250x333.jpg 250w, https:\/\/brfstyrbord.se\/wp-content\/uploads\/2020\/09\/Window-IMG_2188-edited-940x1253.jpg 940w, https:\/\/brfstyrbord.se\/wp-content\/uploads\/2020\/09\/Window-IMG_2188-edited-768x1024.jpg 768w, https:\/\/brfstyrbord.se\/wp-content\/uploads\/2020\/09\/Window-IMG_2188-edited-1152x1536.jpg 1152w\" sizes=\"auto, (max-width: 367px) 100vw, 367px\" \/><figcaption>Detta \u00e4r en ID-lapp som sitter i alla f\u00f6nster. Lappen ska sitta kvar f\u00f6r garantins skull.<\/figcaption><\/figure><\/div>\n","protected":false},"excerpt":{"rendered":"<p>Ladda ner borschyrer: Underh\u00e5llsanvisning Solflex F\u00f6nster-Persienner-och-solskydd-text.pdf<\/p>\n","protected":false},"author":1,"featured_media":0,"parent":0,"menu_order":0,"comment_status":"closed","ping_status":"closed","template":"","meta":{"footnotes":""},"class_list":["post-228","page","type-page","status-publish","hentry"],"_links":{"self":[{"href":"https:\/\/brfstyrbord.se\/index.php?rest_route=\/wp\/v2\/pages\/228","targetHints":{"allow":["GET"]}}],"collection":[{"href":"https:\/\/brfstyrbord.se\/index.php?rest_route=\/wp\/v2\/pages"}],"about":[{"href":"https:\/\/brfstyrbord.se\/index.php?rest_route=\/wp\/v2\/types\/page"}],"author":[{"embeddable":true,"href":"https:\/\/brfstyrbord.se\/index.php?rest_route=\/wp\/v2\/users\/1"}],"replies":[{"embeddable":true,"href":"https:\/\/brfstyrbord.se\/index.php?rest_route=%2Fwp%2Fv2%2Fcomments&post=228"}],"version-history":[{"count":7,"href":"https:\/\/brfstyrbord.se\/index.php?rest_route=\/wp\/v2\/pages\/228\/revisions"}],"predecessor-version":[{"id":1001,"href":"https:\/\/brfstyrbord.se\/index.php?rest_route=\/wp\/v2\/pages\/228\/revisions\/1001"}],"wp:attachment":[{"href":"https:\/\/brfstyrbord.se\/index.php?rest_route=%2Fwp%2Fv2%2Fmedia&parent=228"}],"curies":[{"name":"wp","href":"https:\/\/api.w.org\/{rel}","templated":true}]}}