{"id":252,"date":"2020-09-14T09:10:58","date_gmt":"2020-09-14T07:10:58","guid":{"rendered":"https:\/\/brfstyrbord.se\/?page_id=252"},"modified":"2022-11-18T10:00:28","modified_gmt":"2022-11-18T09:00:28","slug":"garantier-och-intyg","status":"publish","type":"page","link":"https:\/\/brfstyrbord.se\/?page_id=252","title":{"rendered":"Garantier och intyg"},"content":{"rendered":"\n<h2 class=\"wp-block-heading\">Ladda ner borschyrer:<\/h2>\n\n\n\n<h4 class=\"wp-block-heading\">Vitvaror:<\/h4>\n\n\n\n<ul class=\"wp-block-list\"><li><a href=\"https:\/\/brfstyrbord.se\/wp-content\/uploads\/2020\/09\/Garantibevis-servicerutin-ELON-siemens-1.pdf\" data-type=\"URL\" data-id=\"https:\/\/brfstyrbord.se\/wp-content\/uploads\/2020\/09\/Garantibevis-servicerutin-ELON-siemens-1.pdf\">Garantibevis-servicerutin-ELON-siemens-1.pdf<\/a><\/li><\/ul>\n\n\n\n<h4 class=\"wp-block-heading\">V\u00e5trumsintyg:<\/h4>\n\n\n\n<ul class=\"wp-block-list\"><li><a href=\"https:\/\/brfstyrbord.se\/wp-content\/uploads\/2020\/09\/M1-1-v\u0416trumsintyg.pdf\" data-type=\"URL\" data-id=\"https:\/\/brfstyrbord.se\/wp-content\/uploads\/2020\/09\/M1-1-v\u0416trumsintyg.pdf\">M1-1-v\u00e5trumsintyg.pdf<\/a><\/li><li><a href=\"https:\/\/brfstyrbord.se\/wp-content\/uploads\/2020\/09\/M1-2-v\u0416trumsintyg.pdf\" data-type=\"URL\" data-id=\"https:\/\/brfstyrbord.se\/wp-content\/uploads\/2020\/09\/M1-2-v\u0416trumsintyg.pdf\">M1-2-v\u00e5trumsintyg.pdf<\/a><\/li><li><a href=\"https:\/\/brfstyrbord.se\/wp-content\/uploads\/2020\/09\/M1-3-v\u0416trumsintyg.pdf\" data-type=\"URL\" data-id=\"https:\/\/brfstyrbord.se\/wp-content\/uploads\/2020\/09\/M1-3-v\u0416trumsintyg.pdf\">M1-3-v\u00e5trumsintyg.pdf<\/a><\/li><li><a href=\"https:\/\/brfstyrbord.se\/wp-content\/uploads\/2020\/09\/M1-4-v\u0416trumsintyg.pdf\" data-type=\"URL\" data-id=\"https:\/\/brfstyrbord.se\/wp-content\/uploads\/2020\/09\/M1-4-v\u0416trumsintyg.pdf\">M1-4-v\u00e5trumsintyg.pdf<\/a><\/li><li><a href=\"https:\/\/brfstyrbord.se\/wp-content\/uploads\/2020\/09\/M2-1002-v\u0416trumsintyg.pdf\" data-type=\"URL\" data-id=\"https:\/\/brfstyrbord.se\/wp-content\/uploads\/2020\/09\/M2-1002-v\u0416trumsintyg.pdf\">M2-1002-v\u00e5trumsintyg.pdf<\/a><\/li><li><a href=\"https:\/\/brfstyrbord.se\/wp-content\/uploads\/2020\/09\/M2-1003-v\u0416trumsintyg.pdf\" data-type=\"URL\" data-id=\"https:\/\/brfstyrbord.se\/wp-content\/uploads\/2020\/09\/M2-1003-v\u0416trumsintyg.pdf\">M2-1003-v\u00e5trumsintyg.pdf<\/a><\/li><li><a href=\"https:\/\/brfstyrbord.se\/wp-content\/uploads\/2020\/09\/M2-1004-v\u0416trumsintyg.pdf\" data-type=\"URL\" data-id=\"https:\/\/brfstyrbord.se\/wp-content\/uploads\/2020\/09\/M2-1004-v\u0416trumsintyg.pdf\">M2-1004-v\u00e5trumsintyg.pdf<\/a><\/li><li><a href=\"https:\/\/brfstyrbord.se\/wp-content\/uploads\/2020\/09\/M2-1101-v\u0416trumsintyg.pdf\" data-type=\"URL\" data-id=\"https:\/\/brfstyrbord.se\/wp-content\/uploads\/2020\/09\/M2-1101-v\u0416trumsintyg.pdf\">M2-1101-v\u00e5trumsintyg.pdf<\/a><\/li><li><a href=\"https:\/\/brfstyrbord.se\/wp-content\/uploads\/2020\/09\/M2-1102-v\u0416trumsintyg.pdf\" data-type=\"URL\" data-id=\"https:\/\/brfstyrbord.se\/wp-content\/uploads\/2020\/09\/M2-1102-v\u0416trumsintyg.pdf\">M2-1102-v\u00e5trumsintyg.pdf<\/a><\/li><li><a href=\"https:\/\/brfstyrbord.se\/wp-content\/uploads\/2020\/09\/M2-1103-v\u0416trumsintyg.pdf\" data-type=\"URL\" data-id=\"https:\/\/brfstyrbord.se\/wp-content\/uploads\/2020\/09\/M2-1103-v\u0416trumsintyg.pdf\">M2-1103-v\u00e5trumsintyg.pdf<\/a><\/li><li><a href=\"https:\/\/brfstyrbord.se\/wp-content\/uploads\/2020\/09\/M2-1104-v\u0416trumsintyg.pdf\" data-type=\"URL\" data-id=\"https:\/\/brfstyrbord.se\/wp-content\/uploads\/2020\/09\/M2-1104-v\u0416trumsintyg.pdf\">M2-1104-v\u00e5trumsintyg.pdf<\/a><\/li><li><a href=\"https:\/\/brfstyrbord.se\/wp-content\/uploads\/2020\/09\/M2-1201-v\u0416trumsintyg.pdf\" data-type=\"URL\" data-id=\"https:\/\/brfstyrbord.se\/wp-content\/uploads\/2020\/09\/M2-1201-v\u0416trumsintyg.pdf\">M2-1201-v\u00e5trumsintyg.pdf<\/a><\/li><li><a href=\"https:\/\/brfstyrbord.se\/wp-content\/uploads\/2020\/09\/M2-1202-v\u0416trumsintyg.pdf\" data-type=\"URL\" data-id=\"https:\/\/brfstyrbord.se\/wp-content\/uploads\/2020\/09\/M2-1202-v\u0416trumsintyg.pdf\">M2-1202-v\u00e5trumsintyg.pdf<\/a><\/li><li><a href=\"https:\/\/brfstyrbord.se\/wp-content\/uploads\/2020\/09\/M2-1203-v\u0416trumsintyg.pdf\" data-type=\"URL\" data-id=\"https:\/\/brfstyrbord.se\/wp-content\/uploads\/2020\/09\/M2-1203-v\u0416trumsintyg.pdf\">M2-1203-v\u00e5trumsintyg.pdf<\/a><\/li><li><a href=\"https:\/\/brfstyrbord.se\/wp-content\/uploads\/2020\/09\/M2-1301-v\u0416trumsintyg.pdf\" data-type=\"URL\" data-id=\"https:\/\/brfstyrbord.se\/wp-content\/uploads\/2020\/09\/M2-1301-v\u0416trumsintyg.pdf\">M2-1301-v\u00e5trumsintyg.pdf<\/a><\/li><li><a href=\"https:\/\/brfstyrbord.se\/wp-content\/uploads\/2020\/09\/M2-1303-v\u0416trumsintyg.pdf\" data-type=\"URL\" data-id=\"https:\/\/brfstyrbord.se\/wp-content\/uploads\/2020\/09\/M2-1303-v\u0416trumsintyg.pdf\">M2-1303-v\u00e5trumsintyg.pdf<\/a><\/li><li><a href=\"https:\/\/brfstyrbord.se\/wp-content\/uploads\/2020\/09\/M2-1302-v\u0416trumsintyg.pdf\" data-type=\"URL\" data-id=\"https:\/\/brfstyrbord.se\/wp-content\/uploads\/2020\/09\/M2-1302-v\u0416trumsintyg.pdf\">M2-1302-v\u00e5trumsintyg.pdf<\/a><\/li><li><a href=\"https:\/\/brfstyrbord.se\/wp-content\/uploads\/2020\/09\/M2-1401-v\u0416trumsintyg.pdf\" data-type=\"URL\" data-id=\"https:\/\/brfstyrbord.se\/wp-content\/uploads\/2020\/09\/M2-1401-v\u0416trumsintyg.pdf\">M2-1401-v\u00e5trumsintyg.pdf<\/a><\/li><li><a href=\"https:\/\/brfstyrbord.se\/wp-content\/uploads\/2020\/09\/M2-1402-v\u0416trumsintyg.pdf\" data-type=\"URL\" data-id=\"https:\/\/brfstyrbord.se\/wp-content\/uploads\/2020\/09\/M2-1402-v\u0416trumsintyg.pdf\">M2-1402-v\u00e5trumsintyg.pdf<\/a><\/li><li><a href=\"https:\/\/brfstyrbord.se\/wp-content\/uploads\/2020\/09\/M2-1403-v\u0416trumsintyg.pdf\" data-type=\"URL\" data-id=\"https:\/\/brfstyrbord.se\/wp-content\/uploads\/2020\/09\/M2-1403-v\u0416trumsintyg.pdf\">M2-1403-v\u00e5trumsintyg.pdf<\/a><\/li><li><a href=\"https:\/\/brfstyrbord.se\/wp-content\/uploads\/2020\/09\/M2-1501-v\u0416trumsintyg.pdf\" data-type=\"URL\" data-id=\"https:\/\/brfstyrbord.se\/wp-content\/uploads\/2020\/09\/M2-1501-v\u0416trumsintyg.pdf\">M2-1501-v\u00e5trumsintyg.pdf<\/a><\/li><li><a href=\"https:\/\/brfstyrbord.se\/wp-content\/uploads\/2020\/09\/M3-1-v\u0416trumsintyg.pdf\" data-type=\"URL\" data-id=\"https:\/\/brfstyrbord.se\/wp-content\/uploads\/2020\/09\/M3-1-v\u0416trumsintyg.pdf\">M3-1-v\u00e5trumsintyg.pdf<\/a><\/li><li><a href=\"https:\/\/brfstyrbord.se\/wp-content\/uploads\/2020\/09\/M3-2-v\u0416trumsintyg.pdf\">M3-2-v\u00e5trumsintyg.pdf<\/a><\/li><li><a href=\"https:\/\/brfstyrbord.se\/wp-content\/uploads\/2020\/09\/M3-3-v\u0416trumsintyg.pdf\">M3-3-v\u00e5trumsintyg.pdf<\/a><\/li><li><a href=\"https:\/\/brfstyrbord.se\/wp-content\/uploads\/2020\/09\/M4A-1001-v\u0416trumsintyg.pdf\">M4A-1001-v\u00e5trumsintyg.pdf<\/a><\/li><li><a href=\"https:\/\/brfstyrbord.se\/wp-content\/uploads\/2020\/09\/M4A-1002-v\u0416trumsintyg.pdf\">M4A-1002-v\u00e5trumsintyg.pdf<\/a><\/li><li><a href=\"https:\/\/brfstyrbord.se\/wp-content\/uploads\/2020\/09\/M4A-1003-v\u0416trumsintyg.pdf\">M4A-1003-v\u00e5trumsintyg.pdf<\/a><\/li><li><a href=\"https:\/\/brfstyrbord.se\/wp-content\/uploads\/2020\/09\/M4A-1201-v\u0416trumsintyg.pdf\">M4A-1201-v\u00e5trumsintyg.pdf<\/a><\/li><li><a href=\"https:\/\/brfstyrbord.se\/wp-content\/uploads\/2020\/09\/M4A-1202-v\u0416trumsintyg.pdf\">M4A-1202-v\u00e5trumsintyg.pdf<\/a><\/li><li><a href=\"https:\/\/brfstyrbord.se\/wp-content\/uploads\/2020\/09\/M4A-1203-v\u0416trumsintyg.pdf\">M4A-1203-v\u00e5trumsintyg.pdf<\/a><\/li><li><a href=\"https:\/\/brfstyrbord.se\/wp-content\/uploads\/2020\/09\/M4A-1301-v\u0416trumsintyg.pdf\">M4A-1301-v\u00e5trumsintyg.pdf<\/a><\/li><li><a href=\"https:\/\/brfstyrbord.se\/wp-content\/uploads\/2020\/09\/M4A-1302-v\u0416trumsintyg.pdf\">M4A-1302-v\u00e5trumsintyg.pdf<\/a><\/li><li><a href=\"https:\/\/brfstyrbord.se\/wp-content\/uploads\/2020\/09\/M4A-1303-v\u0416trumsintyg.pdf\">M4A-1303-v\u00e5trumsintyg.pdf<\/a><\/li><li><a href=\"https:\/\/brfstyrbord.se\/wp-content\/uploads\/2020\/09\/M4A-1401-v\u0416trumsintyg.pdf\">M4A-1401-v\u00e5trumsintyg.pdf<\/a><\/li><li><a href=\"https:\/\/brfstyrbord.se\/wp-content\/uploads\/2020\/09\/M4A-1402-v\u0416trumsintyg.pdf\">M4A-1402-v\u00e5trumsintyg.pdf<\/a><\/li><li><a href=\"https:\/\/brfstyrbord.se\/wp-content\/uploads\/2020\/09\/M4A-1403-v\u0416trumsintyg.pdf\">M4A-1403-v\u00e5trumsintyg.pdf<\/a><\/li><li><a href=\"https:\/\/brfstyrbord.se\/wp-content\/uploads\/2020\/09\/M4A-1501-v\u0416trumsintyg.pdf\" data-type=\"URL\" data-id=\"https:\/\/brfstyrbord.se\/wp-content\/uploads\/2020\/09\/M4A-1501-v\u0416trumsintyg.pdf\">M4A-1501-v\u00e5trumsintyg.pdf<\/a><\/li><li><a href=\"https:\/\/brfstyrbord.se\/wp-content\/uploads\/2020\/09\/M4A-1502-v\u0416trumsintyg.pdf\" data-type=\"URL\" data-id=\"https:\/\/brfstyrbord.se\/wp-content\/uploads\/2020\/09\/M4A-1502-v\u0416trumsintyg.pdf\">M4A-1502-v\u00e5trumsintyg.pdf<\/a><\/li><li><a href=\"https:\/\/brfstyrbord.se\/wp-content\/uploads\/2020\/09\/M4A-1503-v\u0416trumsintyg.pdf\" data-type=\"URL\" data-id=\"https:\/\/brfstyrbord.se\/wp-content\/uploads\/2020\/09\/M4A-1503-v\u0416trumsintyg.pdf\">M4A-1503-v\u00e5trumsintyg.pdf<\/a><\/li><li><a href=\"https:\/\/brfstyrbord.se\/wp-content\/uploads\/2020\/09\/M4A-1601-v\u0416trumsintyg.pdf\" data-type=\"URL\" data-id=\"https:\/\/brfstyrbord.se\/wp-content\/uploads\/2020\/09\/M4A-1601-v\u0416trumsintyg.pdf\">M4A-1601-v\u00e5trumsintyg.pdf<\/a><\/li><li><a href=\"https:\/\/brfstyrbord.se\/wp-content\/uploads\/2020\/09\/M4A-1602-v\u0416trumsintyg.pdf\" data-type=\"URL\" data-id=\"https:\/\/brfstyrbord.se\/wp-content\/uploads\/2020\/09\/M4A-1602-v\u0416trumsintyg.pdf\">M4A-1602-v\u00e5trumsintyg.pdf<\/a><\/li><li><a href=\"https:\/\/brfstyrbord.se\/wp-content\/uploads\/2020\/09\/M4A-1603-v\u0416trumsintyg.pdf\" data-type=\"URL\" data-id=\"https:\/\/brfstyrbord.se\/wp-content\/uploads\/2020\/09\/M4A-1603-v\u0416trumsintyg.pdf\">M4A-1603-v\u00e5trumsintyg.pdf<\/a><\/li><li><a href=\"https:\/\/brfstyrbord.se\/wp-content\/uploads\/2020\/09\/M4B-1001-v\u0416trumsintyg.pdf\" data-type=\"URL\" data-id=\"https:\/\/brfstyrbord.se\/wp-content\/uploads\/2020\/09\/M4B-1001-v\u0416trumsintyg.pdf\">M4B-1001-v\u00e5trumsintyg.pdf<\/a><\/li><li><a href=\"https:\/\/brfstyrbord.se\/wp-content\/uploads\/2020\/09\/M4B-1002-v\u0416trumsintyg.pdf\" data-type=\"URL\" data-id=\"https:\/\/brfstyrbord.se\/wp-content\/uploads\/2020\/09\/M4B-1002-v\u0416trumsintyg.pdf\">M4B-1002-v\u00e5trumsintyg.pdf<\/a><\/li><li><a href=\"https:\/\/brfstyrbord.se\/wp-content\/uploads\/2020\/09\/M4B-1003-v\u0416trumsintyg.pdf\" data-type=\"URL\" data-id=\"https:\/\/brfstyrbord.se\/wp-content\/uploads\/2020\/09\/M4B-1003-v\u0416trumsintyg.pdf\">M4B-1003-v\u00e5trumsintyg.pdf<\/a><\/li><li><a href=\"https:\/\/brfstyrbord.se\/wp-content\/uploads\/2020\/09\/M4B-1101-v\u0416trumsintyg.pdf\" data-type=\"URL\" data-id=\"https:\/\/brfstyrbord.se\/wp-content\/uploads\/2020\/09\/M4B-1101-v\u0416trumsintyg.pdf\">M4B-1101-v\u00e5trumsintyg.pdf<\/a><\/li><li><a href=\"https:\/\/brfstyrbord.se\/wp-content\/uploads\/2020\/09\/M4B-1102-v\u0416trumsintyg.pdf\" data-type=\"URL\" data-id=\"https:\/\/brfstyrbord.se\/wp-content\/uploads\/2020\/09\/M4B-1102-v\u0416trumsintyg.pdf\">M4B-1102-v\u00e5trumsintyg.pdf<\/a><\/li><li><a href=\"https:\/\/brfstyrbord.se\/wp-content\/uploads\/2020\/09\/M4B-1103-v\u0416trumsintyg.pdf\" data-type=\"URL\" data-id=\"https:\/\/brfstyrbord.se\/wp-content\/uploads\/2020\/09\/M4B-1103-v\u0416trumsintyg.pdf\">M4B-1103-v\u00e5trumsintyg.pdf<\/a><\/li><li><a href=\"https:\/\/brfstyrbord.se\/wp-content\/uploads\/2020\/09\/M4B-1201-v\u0416trumsintyg.pdf\" data-type=\"URL\" data-id=\"https:\/\/brfstyrbord.se\/wp-content\/uploads\/2020\/09\/M4B-1201-v\u0416trumsintyg.pdf\">M4B-1201-v\u00e5trumsintyg.pdf<\/a><\/li><li><a href=\"https:\/\/brfstyrbord.se\/wp-content\/uploads\/2020\/09\/M4B-1202-v\u0416trumsintyg.pdf\" data-type=\"URL\" data-id=\"https:\/\/brfstyrbord.se\/wp-content\/uploads\/2020\/09\/M4B-1202-v\u0416trumsintyg.pdf\">M4B-1202-v\u00e5trumsintyg.pdf<\/a><\/li><li><a href=\"https:\/\/brfstyrbord.se\/wp-content\/uploads\/2020\/09\/M4B-1203-v\u0416trumsintyg.pdf\" data-type=\"URL\" data-id=\"https:\/\/brfstyrbord.se\/wp-content\/uploads\/2020\/09\/M4B-1203-v\u0416trumsintyg.pdf\">M4B-1203-v\u00e5trumsintyg.pdf<\/a><\/li><li><a href=\"https:\/\/brfstyrbord.se\/wp-content\/uploads\/2020\/09\/M4B-1301-v\u0416trumsintyg.pdf\" data-type=\"URL\" data-id=\"https:\/\/brfstyrbord.se\/wp-content\/uploads\/2020\/09\/M4B-1301-v\u0416trumsintyg.pdf\">M4B-1301-v\u00e5trumsintyg.pdf<\/a><\/li><li><a href=\"https:\/\/brfstyrbord.se\/wp-content\/uploads\/2020\/09\/M4B-1302-v\u0416trumsintyg.pdf\" data-type=\"URL\" data-id=\"https:\/\/brfstyrbord.se\/wp-content\/uploads\/2020\/09\/M4B-1302-v\u0416trumsintyg.pdf\">M4B-1302-v\u00e5trumsintyg.pdf<\/a><\/li><li><a href=\"https:\/\/brfstyrbord.se\/wp-content\/uploads\/2020\/09\/M4B-1303-v\u0416trumsintyg.pdf\" data-type=\"URL\" data-id=\"https:\/\/brfstyrbord.se\/wp-content\/uploads\/2020\/09\/M4B-1303-v\u0416trumsintyg.pdf\">M4B-1303-v\u00e5trumsintyg.pdf<\/a><\/li><li><a href=\"https:\/\/brfstyrbord.se\/wp-content\/uploads\/2020\/09\/M4B-1401-v\u0416trumsintyg.pdf\" data-type=\"URL\" data-id=\"https:\/\/brfstyrbord.se\/wp-content\/uploads\/2020\/09\/M4B-1401-v\u0416trumsintyg.pdf\">M4B-1401-v\u00e5trumsintyg.pdf<\/a><\/li><li><a href=\"https:\/\/brfstyrbord.se\/wp-content\/uploads\/2020\/09\/M4B-1402-v\u0416trumsintyg.pdf\" data-type=\"URL\" data-id=\"https:\/\/brfstyrbord.se\/wp-content\/uploads\/2020\/09\/M4B-1402-v\u0416trumsintyg.pdf\">M4B-1402-v\u00e5trumsintyg.pdf<\/a><\/li><li><a href=\"https:\/\/brfstyrbord.se\/wp-content\/uploads\/2020\/09\/M4B-1403-v\u0416trumsintyg.pdf\" data-type=\"URL\" data-id=\"https:\/\/brfstyrbord.se\/wp-content\/uploads\/2020\/09\/M4B-1403-v\u0416trumsintyg.pdf\">M4B-1403-v\u00e5trumsintyg.pdf<\/a><\/li><li><a href=\"https:\/\/brfstyrbord.se\/wp-content\/uploads\/2020\/09\/M4B-1501-v\u0416trumsintyg.pdf\" data-type=\"URL\" data-id=\"https:\/\/brfstyrbord.se\/wp-content\/uploads\/2020\/09\/M4B-1501-v\u0416trumsintyg.pdf\">M4B-1501-v\u00e5trumsintyg.pdf<\/a><\/li><li><a href=\"https:\/\/brfstyrbord.se\/wp-content\/uploads\/2020\/09\/M4B-1502-v\u0416trumsintyg.pdf\" data-type=\"URL\" data-id=\"https:\/\/brfstyrbord.se\/wp-content\/uploads\/2020\/09\/M4B-1502-v\u0416trumsintyg.pdf\">M4B-1502-v\u00e5trumsintyg.pdf<\/a><\/li><li><a href=\"https:\/\/brfstyrbord.se\/wp-content\/uploads\/2020\/09\/M4B-1503-v\u0416trumsintyg.pdf\" data-type=\"URL\" data-id=\"https:\/\/brfstyrbord.se\/wp-content\/uploads\/2020\/09\/M4B-1503-v\u0416trumsintyg.pdf\">M4B-1503-v\u00e5trumsintyg.pdf<\/a><\/li><li><a href=\"https:\/\/brfstyrbord.se\/wp-content\/uploads\/2020\/09\/M4B-1601-v\u0416trumsintyg.pdf\" data-type=\"URL\" data-id=\"https:\/\/brfstyrbord.se\/wp-content\/uploads\/2020\/09\/M4B-1601-v\u0416trumsintyg.pdf\">M4B-1601-v\u00e5trumsintyg.pdf<\/a><\/li><li><a href=\"https:\/\/brfstyrbord.se\/wp-content\/uploads\/2020\/09\/M4B-1602-v\u0416trumsintyg.pdf\" data-type=\"URL\" data-id=\"https:\/\/brfstyrbord.se\/wp-content\/uploads\/2020\/09\/M4B-1602-v\u0416trumsintyg.pdf\">M4B-1602-v\u00e5trumsintyg.pdf<\/a><\/li><li><a href=\"https:\/\/brfstyrbord.se\/wp-content\/uploads\/2020\/09\/M4B-1603-v\u0416trumsintyg.pdf\" data-type=\"URL\" data-id=\"https:\/\/brfstyrbord.se\/wp-content\/uploads\/2020\/09\/M4B-1603-v\u0416trumsintyg.pdf\">M4B-1603-v\u00e5trumsintyg.pdf<\/a><\/li><li><a href=\"https:\/\/brfstyrbord.se\/wp-content\/uploads\/2020\/09\/M4B-1701-v\u0416trumsintyg.pdf\" data-type=\"URL\" data-id=\"https:\/\/brfstyrbord.se\/wp-content\/uploads\/2020\/09\/M4B-1701-v\u0416trumsintyg.pdf\">M4B-1701-v\u00e5trumsintyg.pdf<\/a><\/li><\/ul>\n\n\n\n<p><\/p>\n","protected":false},"excerpt":{"rendered":"<p>Ladda ner borschyrer: Vitvaror: Garantibevis-servicerutin-ELON-siemens-1.pdf V\u00e5trumsintyg: M1-1-v\u00e5trumsintyg.pdf M1-2-v\u00e5trumsintyg.pdf M1-3-v\u00e5trumsintyg.pdf M1-4-v\u00e5trumsintyg.pdf M2-1002-v\u00e5trumsintyg.pdf M2-1003-v\u00e5trumsintyg.pdf M2-1004-v\u00e5trumsintyg.pdf M2-1101-v\u00e5trumsintyg.pdf M2-1102-v\u00e5trumsintyg.pdf M2-1103-v\u00e5trumsintyg.pdf M2-1104-v\u00e5trumsintyg.pdf M2-1201-v\u00e5trumsintyg.pdf M2-1202-v\u00e5trumsintyg.pdf M2-1203-v\u00e5trumsintyg.pdf M2-1301-v\u00e5trumsintyg.pdf M2-1303-v\u00e5trumsintyg.pdf M2-1302-v\u00e5trumsintyg.pdf M2-1401-v\u00e5trumsintyg.pdf M2-1402-v\u00e5trumsintyg.pdf M2-1403-v\u00e5trumsintyg.pdf M2-1501-v\u00e5trumsintyg.pdf M3-1-v\u00e5trumsintyg.pdf M3-2-v\u00e5trumsintyg.pdf M3-3-v\u00e5trumsintyg.pdf M4A-1001-v\u00e5trumsintyg.pdf M4A-1002-v\u00e5trumsintyg.pdf M4A-1003-v\u00e5trumsintyg.pdf M4A-1201-v\u00e5trumsintyg.pdf M4A-1202-v\u00e5trumsintyg.pdf M4A-1203-v\u00e5trumsintyg.pdf M4A-1301-v\u00e5trumsintyg.pdf M4A-1302-v\u00e5trumsintyg.pdf M4A-1303-v\u00e5trumsintyg.pdf M4A-1401-v\u00e5trumsintyg.pdf M4A-1402-v\u00e5trumsintyg.pdf M4A-1403-v\u00e5trumsintyg.pdf M4A-1501-v\u00e5trumsintyg.pdf M4A-1502-v\u00e5trumsintyg.pdf M4A-1503-v\u00e5trumsintyg.pdf M4A-1601-v\u00e5trumsintyg.pdf M4A-1602-v\u00e5trumsintyg.pdf M4A-1603-v\u00e5trumsintyg.pdf M4B-1001-v\u00e5trumsintyg.pdf M4B-1002-v\u00e5trumsintyg.pdf M4B-1003-v\u00e5trumsintyg.pdf M4B-1101-v\u00e5trumsintyg.pdf M4B-1102-v\u00e5trumsintyg.pdf M4B-1103-v\u00e5trumsintyg.pdf M4B-1201-v\u00e5trumsintyg.pdf &hellip; <\/p>\n<p class=\"link-more\"><a href=\"https:\/\/brfstyrbord.se\/?page_id=252\" class=\"more-link\">Forts\u00e4tt l\u00e4sa<span class=\"screen-reader-text\"> &#8221;Garantier och intyg&#8221;<\/span><\/a><\/p>\n","protected":false},"author":1,"featured_media":0,"parent":0,"menu_order":0,"comment_status":"closed","ping_status":"closed","template":"","meta":{"footnotes":""},"class_list":["post-252","page","type-page","status-publish","hentry"],"_links":{"self":[{"href":"https:\/\/brfstyrbord.se\/index.php?rest_route=\/wp\/v2\/pages\/252","targetHints":{"allow":["GET"]}}],"collection":[{"href":"https:\/\/brfstyrbord.se\/index.php?rest_route=\/wp\/v2\/pages"}],"about":[{"href":"https:\/\/brfstyrbord.se\/index.php?rest_route=\/wp\/v2\/types\/page"}],"author":[{"embeddable":true,"href":"https:\/\/brfstyrbord.se\/index.php?rest_route=\/wp\/v2\/users\/1"}],"replies":[{"embeddable":true,"href":"https:\/\/brfstyrbord.se\/index.php?rest_route=%2Fwp%2Fv2%2Fcomments&post=252"}],"version-history":[{"count":8,"href":"https:\/\/brfstyrbord.se\/index.php?rest_route=\/wp\/v2\/pages\/252\/revisions"}],"predecessor-version":[{"id":783,"href":"https:\/\/brfstyrbord.se\/index.php?rest_route=\/wp\/v2\/pages\/252\/revisions\/783"}],"wp:attachment":[{"href":"https:\/\/brfstyrbord.se\/index.php?rest_route=%2Fwp%2Fv2%2Fmedia&parent=252"}],"curies":[{"name":"wp","href":"https:\/\/api.w.org\/{rel}","templated":true}]}}