{"id":273,"date":"2020-09-14T09:32:36","date_gmt":"2020-09-14T07:32:36","guid":{"rendered":"https:\/\/brfstyrbord.se\/?page_id=273"},"modified":"2022-11-18T10:00:14","modified_gmt":"2022-11-18T09:00:14","slug":"tillval","status":"publish","type":"page","link":"https:\/\/brfstyrbord.se\/?page_id=273","title":{"rendered":"Tillval"},"content":{"rendered":"\n<p>Kvaliteten i Kajkanten \u00e4r genomg\u00e5ende den h\u00f6gsta och matchar den smakfulla arkitekturen. Att g\u00e5 igenom tillvalsm\u00f6jligheterna blir d\u00e4rf\u00f6r en extra sp\u00e4nnande fas som ger dig m\u00f6jligheter att skapa ett hem som passar dig och din stil perfekt. Och b\u00e4st av allt \u2013 de flesta tillvalen ing\u00e5r \u2013 det som du normalt skulle beh\u00f6va betala extra f\u00f6r, ing\u00e5r h\u00e4r!<\/p>\n\n\n\n<p><a rel=\"noreferrer noopener\" href=\"https:\/\/assets.website-files.com\/59db63129215eb00015e3464\/5d3e9acbb1eba4018e206688_Styrbord_Tillvalsbroschyr_20190710_LR_uppslagsvis_REV.pdf\" target=\"_blank\">H\u00e4r kan du ladda ner tillvalsbroschyren<\/a>.<\/p>\n","protected":false},"excerpt":{"rendered":"<p>Kvaliteten i Kajkanten \u00e4r genomg\u00e5ende den h\u00f6gsta och matchar den smakfulla arkitekturen. Att g\u00e5 igenom tillvalsm\u00f6jligheterna blir d\u00e4rf\u00f6r en extra sp\u00e4nnande fas som ger dig m\u00f6jligheter att skapa ett hem som passar dig och din stil perfekt. Och b\u00e4st av allt \u2013 de flesta tillvalen ing\u00e5r \u2013 det som du normalt skulle beh\u00f6va betala extra &hellip; <\/p>\n<p class=\"link-more\"><a href=\"https:\/\/brfstyrbord.se\/?page_id=273\" class=\"more-link\">Forts\u00e4tt l\u00e4sa<span class=\"screen-reader-text\"> &#8221;Tillval&#8221;<\/span><\/a><\/p>\n","protected":false},"author":1,"featured_media":0,"parent":0,"menu_order":0,"comment_status":"closed","ping_status":"closed","template":"","meta":{"footnotes":""},"class_list":["post-273","page","type-page","status-publish","hentry"],"_links":{"self":[{"href":"https:\/\/brfstyrbord.se\/index.php?rest_route=\/wp\/v2\/pages\/273","targetHints":{"allow":["GET"]}}],"collection":[{"href":"https:\/\/brfstyrbord.se\/index.php?rest_route=\/wp\/v2\/pages"}],"about":[{"href":"https:\/\/brfstyrbord.se\/index.php?rest_route=\/wp\/v2\/types\/page"}],"author":[{"embeddable":true,"href":"https:\/\/brfstyrbord.se\/index.php?rest_route=\/wp\/v2\/users\/1"}],"replies":[{"embeddable":true,"href":"https:\/\/brfstyrbord.se\/index.php?rest_route=%2Fwp%2Fv2%2Fcomments&post=273"}],"version-history":[{"count":2,"href":"https:\/\/brfstyrbord.se\/index.php?rest_route=\/wp\/v2\/pages\/273\/revisions"}],"predecessor-version":[{"id":936,"href":"https:\/\/brfstyrbord.se\/index.php?rest_route=\/wp\/v2\/pages\/273\/revisions\/936"}],"wp:attachment":[{"href":"https:\/\/brfstyrbord.se\/index.php?rest_route=%2Fwp%2Fv2%2Fmedia&parent=273"}],"curies":[{"name":"wp","href":"https:\/\/api.w.org\/{rel}","templated":true}]}}