{"id":275,"date":"2020-09-14T09:33:05","date_gmt":"2020-09-14T07:33:05","guid":{"rendered":"https:\/\/brfstyrbord.se\/?page_id=275"},"modified":"2026-01-12T15:15:31","modified_gmt":"2026-01-12T14:15:31","slug":"lokal-att-hyra","status":"publish","type":"page","link":"https:\/\/brfstyrbord.se\/?page_id=275","title":{"rendered":"Gemensam lokal"},"content":{"rendered":"\n<p>I k\u00e4llaren finns en gemensam lokal f\u00f6r alla i bostadsr\u00e4ttsf\u00f6reningen. <\/p>\n\n\n\n<p>Det g\u00e5r bra att som medlem hyra lokalen f\u00f6r bes\u00f6k av sl\u00e4kt och v\u00e4nner. Det \u00e4r du som medlem som bokar via boendeportalen via SBC under bokningar: <a href=\"https:\/\/hemma.sbc.se\/kundportal\/login\">https:\/\/hemma.sbc.se\/kundportal\/login<\/a>. Efter bokning kommer du att f\u00e5 en bekr\u00e4ftelse via mejl. D\u00e4r st\u00e5r var och n\u00e4r du kan h\u00e4mta taggen till lokalen. Kostnad per natt \u00e4r 475 kr<\/p>\n\n\n\n<p><strong>Detta g\u00e4ller vid bokning:<\/strong> <br>&#8211; Tilltr\u00e4de fr\u00e5n 18:00 dagen din hyrtid b\u00f6rjar till 17:00 sista dagen. Markera alla dagar du vill hyra. Dvs dag 1 fr 14:00 till ex dag 3 kl 13:00. Det inneb\u00e4r 3 markerade dagar i kalendern och sammanlagt 2 dygns bokning. <br>&#8211; Det g\u00e5r \u00e4ven bra att hyra \u00e4ven en enstaka dag. Markera en dag i kalendern och skriv mellan vilka tider under \u00f6vrigt.<br>&#8211; Du kan boka max 3 n\u00e4tter under en 7-dagarsperiod<br>-Vid avbokning som g\u00f6rs sju dagar eller mindre innan anv\u00e4ndningstillf\u00e4llet utg\u00e5r 100 kr per natt som bokats vid bokningstillf\u00e4llet.<br>&#8211; Kostnad 350:-\/natt  debiteras p\u00e5f\u00f6ljande kvartal via l\u00e4genhetsavi<br>&#8211; Vid bokning storhelger, s\u00e5som till exempel julen, kommer utlottning att ske \u00e5tta veckor innan. Vid jul kan man sammanlagt hyra 4 n\u00e4tter. <br>&#8211; Man tar sj\u00e4lv med kuddar, t\u00e4cken, s\u00e4nglinnen och handdukar<br>&#8211; Lokalen \u00e4r inredd med b\u00e4ddsoffa f\u00f6r 2 personer, 2 st b\u00e4ddpuffar samt bord och 6 stolar. <\/p>\n\n\n\n<p>Det \u00e4r inte till\u00e5tet att r\u00f6ka, ha p\u00e4lsdjur eller laga mat i l\u00e4genheten.<br><\/p>\n\n\n\n<p><strong>\u00d6vrigt<\/strong><br>\u2022 Medlem som hyr lokalen \u00e4r ansvarig f\u00f6r eventuella skador p\u00e5 inredning och utrustning som uppst\u00e5tt under hyrestiden.<br>\u2022 Det ska vara lugnt i lokalen efter 22:00<br><br><strong>St\u00e4dning<\/strong><br>\u2022 M\u00f6bler ska \u00e5terst\u00e4llas p\u00e5 ursprunglig plats.<br>\u2022 Du ska ha st\u00e4dat och vara klar till kl 17:00 p\u00e5 avl\u00e4mningsdagen.<br>\u2022 Alla ytor ska torkas av och golvet ska dammsugas. Toalett, dusch och handfat ska tv\u00e4ttas och silen i duschen reng\u00f6ras.<br>\u2022 Sopor ska kastas i milj\u00f6huset.<br>\u2022 Man ska l\u00e4mna i lokalen i det skick som man sj\u00e4lv vill finna det.<br>\u2022 Om st\u00e4dning inte g\u00f6rs utan det beh\u00f6ver best\u00e4llas extra st\u00e4dning s\u00e5 kommer en avgift att tas ut av den medlem som bokat lokalen.<\/p>\n\n\n\n<p><strong>Tilltr\u00e4de<\/strong><br>Den gemensamma lokalen fungerar, f\u00f6rutom som \u00f6vernattningsl\u00e4genhet, \u00e4ven som lokal f\u00f6r styrelsearbete med dokumentsk\u00e5p och skrivare. Styrelsen kan i s\u00e4llsynta fall beh\u00f6va tilltr\u00e4da lokalen under tiden den \u00e4r uthyrd och kommer i f\u00f6rsta hand att f\u00f6rvarna g\u00e4sterna genom att ringa. Om tilltr\u00e4de beh\u00f6vs akut kommer styrelsen f\u00f6rvarna genom att knacka p\u00e5 d\u00f6rren och d\u00e4refter \u00f6ppna med koden. <\/p>\n\n\n\n<p>Det \u00e4r endast styrelsemedlemmar som har tillg\u00e5ng till kod eller nycklar och kommer i st\u00f6rsta m\u00f6jliga m\u00e5n undvika att g\u00e5 in i lokalen n\u00e4r den anv\u00e4nds f\u00f6r \u00f6vernattning. Kom ih\u00e5g att alltid l\u00e5sa d\u00f6rren enligt instruktionerna p\u00e5 v\u00e4ggen och rapportera om n\u00e5gon obeh\u00f6rig f\u00f6rs\u00f6kt ta sig in. F\u00f6reningen ansvarar ej f\u00f6r v\u00e4rdesaker och rekommenderar d\u00e4rf\u00f6r att f\u00f6rvara dessa p\u00e5 ett s\u00e4kert s\u00e4tt. <\/p>\n\n\n\n<p><\/p>\n","protected":false},"excerpt":{"rendered":"<p>I k\u00e4llaren finns en gemensam lokal f\u00f6r alla i bostadsr\u00e4ttsf\u00f6reningen. Det g\u00e5r bra att som medlem hyra lokalen f\u00f6r bes\u00f6k av sl\u00e4kt och v\u00e4nner. Det \u00e4r du som medlem som bokar via boendeportalen via SBC under bokningar: https:\/\/hemma.sbc.se\/kundportal\/login. Efter bokning kommer du att f\u00e5 en bekr\u00e4ftelse via mejl. D\u00e4r st\u00e5r var och n\u00e4r du kan &hellip; <\/p>\n<p class=\"link-more\"><a href=\"https:\/\/brfstyrbord.se\/?page_id=275\" class=\"more-link\">Forts\u00e4tt l\u00e4sa<span class=\"screen-reader-text\"> &#8221;Gemensam lokal&#8221;<\/span><\/a><\/p>\n","protected":false},"author":1,"featured_media":0,"parent":0,"menu_order":0,"comment_status":"closed","ping_status":"closed","template":"","meta":{"footnotes":""},"class_list":["post-275","page","type-page","status-publish","hentry"],"_links":{"self":[{"href":"https:\/\/brfstyrbord.se\/index.php?rest_route=\/wp\/v2\/pages\/275","targetHints":{"allow":["GET"]}}],"collection":[{"href":"https:\/\/brfstyrbord.se\/index.php?rest_route=\/wp\/v2\/pages"}],"about":[{"href":"https:\/\/brfstyrbord.se\/index.php?rest_route=\/wp\/v2\/types\/page"}],"author":[{"embeddable":true,"href":"https:\/\/brfstyrbord.se\/index.php?rest_route=\/wp\/v2\/users\/1"}],"replies":[{"embeddable":true,"href":"https:\/\/brfstyrbord.se\/index.php?rest_route=%2Fwp%2Fv2%2Fcomments&post=275"}],"version-history":[{"count":22,"href":"https:\/\/brfstyrbord.se\/index.php?rest_route=\/wp\/v2\/pages\/275\/revisions"}],"predecessor-version":[{"id":1298,"href":"https:\/\/brfstyrbord.se\/index.php?rest_route=\/wp\/v2\/pages\/275\/revisions\/1298"}],"wp:attachment":[{"href":"https:\/\/brfstyrbord.se\/index.php?rest_route=%2Fwp%2Fv2%2Fmedia&parent=275"}],"curies":[{"name":"wp","href":"https:\/\/api.w.org\/{rel}","templated":true}]}}