{"id":277,"date":"2020-09-14T09:33:22","date_gmt":"2020-09-14T07:33:22","guid":{"rendered":"https:\/\/brfstyrbord.se\/?page_id=277"},"modified":"2022-11-18T10:00:28","modified_gmt":"2022-11-18T09:00:28","slug":"forrad","status":"publish","type":"page","link":"https:\/\/brfstyrbord.se\/?page_id=277","title":{"rendered":"F\u00f6rr\u00e5d"},"content":{"rendered":"\n<p>Till varje l\u00e4genhet h\u00f6r ett f\u00f6rr\u00e5d i k\u00e4llaren f\u00f6rutom radhusen som har f\u00f6rr\u00e5det utanf\u00f6r entr\u00e9n. F\u00f6rr\u00e5den l\u00e5ses med eget h\u00e4ngl\u00e5s. F\u00f6rr\u00e5den i k\u00e4llaren kommer att numreras med l\u00e4genhetsnummer. F\u00f6rr\u00e5den \u00e4r ca 2 kvm.<\/p>\n\n\n\n<figure class=\"wp-block-image size-large\"><img loading=\"lazy\" decoding=\"async\" width=\"940\" height=\"1253\" src=\"https:\/\/brfstyrbord.se\/wp-content\/uploads\/2020\/09\/5f61dca05ae52599f40e2d52_Fo\u0308rra\u030aden-Brf-Styrbord-pa\u030a-Limhamn-bild-1-940x1253.jpg\" alt=\"\" class=\"wp-image-889\" srcset=\"https:\/\/brfstyrbord.se\/wp-content\/uploads\/2020\/09\/5f61dca05ae52599f40e2d52_Fo\u0308rra\u030aden-Brf-Styrbord-pa\u030a-Limhamn-bild-1-940x1253.jpg 940w, https:\/\/brfstyrbord.se\/wp-content\/uploads\/2020\/09\/5f61dca05ae52599f40e2d52_Fo\u0308rra\u030aden-Brf-Styrbord-pa\u030a-Limhamn-bild-1-250x333.jpg 250w, https:\/\/brfstyrbord.se\/wp-content\/uploads\/2020\/09\/5f61dca05ae52599f40e2d52_Fo\u0308rra\u030aden-Brf-Styrbord-pa\u030a-Limhamn-bild-1-768x1024.jpg 768w, https:\/\/brfstyrbord.se\/wp-content\/uploads\/2020\/09\/5f61dca05ae52599f40e2d52_Fo\u0308rra\u030aden-Brf-Styrbord-pa\u030a-Limhamn-bild-1-1152x1536.jpg 1152w, https:\/\/brfstyrbord.se\/wp-content\/uploads\/2020\/09\/5f61dca05ae52599f40e2d52_Fo\u0308rra\u030aden-Brf-Styrbord-pa\u030a-Limhamn-bild-1.jpg 1440w\" sizes=\"auto, (max-width: 706px) 89vw, (max-width: 767px) 82vw, 740px\" \/><\/figure>\n\n\n\n<figure class=\"wp-block-image size-large\"><img loading=\"lazy\" decoding=\"async\" width=\"940\" height=\"1253\" src=\"https:\/\/brfstyrbord.se\/wp-content\/uploads\/2020\/09\/5f61dca03bfcb761f7e87790_Fo\u0308rra\u030aden-Brf-Styrbord-pa\u030a-Limhamn-bild-2-940x1253.jpg\" alt=\"\" class=\"wp-image-890\" srcset=\"https:\/\/brfstyrbord.se\/wp-content\/uploads\/2020\/09\/5f61dca03bfcb761f7e87790_Fo\u0308rra\u030aden-Brf-Styrbord-pa\u030a-Limhamn-bild-2-940x1253.jpg 940w, https:\/\/brfstyrbord.se\/wp-content\/uploads\/2020\/09\/5f61dca03bfcb761f7e87790_Fo\u0308rra\u030aden-Brf-Styrbord-pa\u030a-Limhamn-bild-2-250x333.jpg 250w, https:\/\/brfstyrbord.se\/wp-content\/uploads\/2020\/09\/5f61dca03bfcb761f7e87790_Fo\u0308rra\u030aden-Brf-Styrbord-pa\u030a-Limhamn-bild-2-768x1024.jpg 768w, https:\/\/brfstyrbord.se\/wp-content\/uploads\/2020\/09\/5f61dca03bfcb761f7e87790_Fo\u0308rra\u030aden-Brf-Styrbord-pa\u030a-Limhamn-bild-2-1152x1536.jpg 1152w, https:\/\/brfstyrbord.se\/wp-content\/uploads\/2020\/09\/5f61dca03bfcb761f7e87790_Fo\u0308rra\u030aden-Brf-Styrbord-pa\u030a-Limhamn-bild-2.jpg 1440w\" sizes=\"auto, (max-width: 706px) 89vw, (max-width: 767px) 82vw, 740px\" \/><\/figure>\n\n\n\n<p><\/p>\n","protected":false},"excerpt":{"rendered":"<p>Till varje l\u00e4genhet h\u00f6r ett f\u00f6rr\u00e5d i k\u00e4llaren f\u00f6rutom radhusen som har f\u00f6rr\u00e5det utanf\u00f6r entr\u00e9n. F\u00f6rr\u00e5den l\u00e5ses med eget h\u00e4ngl\u00e5s. F\u00f6rr\u00e5den i k\u00e4llaren kommer att numreras med l\u00e4genhetsnummer. F\u00f6rr\u00e5den \u00e4r ca 2 kvm.<\/p>\n","protected":false},"author":1,"featured_media":0,"parent":0,"menu_order":0,"comment_status":"closed","ping_status":"closed","template":"","meta":{"footnotes":""},"class_list":["post-277","page","type-page","status-publish","hentry"],"_links":{"self":[{"href":"https:\/\/brfstyrbord.se\/index.php?rest_route=\/wp\/v2\/pages\/277","targetHints":{"allow":["GET"]}}],"collection":[{"href":"https:\/\/brfstyrbord.se\/index.php?rest_route=\/wp\/v2\/pages"}],"about":[{"href":"https:\/\/brfstyrbord.se\/index.php?rest_route=\/wp\/v2\/types\/page"}],"author":[{"embeddable":true,"href":"https:\/\/brfstyrbord.se\/index.php?rest_route=\/wp\/v2\/users\/1"}],"replies":[{"embeddable":true,"href":"https:\/\/brfstyrbord.se\/index.php?rest_route=%2Fwp%2Fv2%2Fcomments&post=277"}],"version-history":[{"count":2,"href":"https:\/\/brfstyrbord.se\/index.php?rest_route=\/wp\/v2\/pages\/277\/revisions"}],"predecessor-version":[{"id":891,"href":"https:\/\/brfstyrbord.se\/index.php?rest_route=\/wp\/v2\/pages\/277\/revisions\/891"}],"wp:attachment":[{"href":"https:\/\/brfstyrbord.se\/index.php?rest_route=%2Fwp%2Fv2%2Fmedia&parent=277"}],"curies":[{"name":"wp","href":"https:\/\/api.w.org\/{rel}","templated":true}]}}