{"id":284,"date":"2020-09-14T09:35:30","date_gmt":"2020-09-14T07:35:30","guid":{"rendered":"https:\/\/brfstyrbord.se\/?page_id=284"},"modified":"2022-11-18T10:00:14","modified_gmt":"2022-11-18T09:00:14","slug":"sakerhet","status":"publish","type":"page","link":"https:\/\/brfstyrbord.se\/?page_id=284","title":{"rendered":"S\u00e4kerhet"},"content":{"rendered":"\n<p>Bakom Tv\u00e4ttmaskin och Torktumlare finns tv\u00e5 luckor. Se bild. Det \u00e4r inspektionsluckor f\u00f6r v\u00e4rme och vatten. Om det kommer vatten fr\u00e5n dessa som rinner ut i rummet tar man kontakt med f\u00f6rvaltaren. Se fliken kontakt.<\/p>\n\n\n\n\n\n<figure class=\"wp-block-image size-large\"><img loading=\"lazy\" decoding=\"async\" width=\"940\" height=\"705\" src=\"https:\/\/brfstyrbord.se\/wp-content\/uploads\/2020\/10\/image001-940x705.jpg\" alt=\"\" class=\"wp-image-990\" srcset=\"https:\/\/brfstyrbord.se\/wp-content\/uploads\/2020\/10\/image001-940x705.jpg 940w, https:\/\/brfstyrbord.se\/wp-content\/uploads\/2020\/10\/image001-250x188.jpg 250w, https:\/\/brfstyrbord.se\/wp-content\/uploads\/2020\/10\/image001-768x576.jpg 768w, https:\/\/brfstyrbord.se\/wp-content\/uploads\/2020\/10\/image001-1536x1152.jpg 1536w, https:\/\/brfstyrbord.se\/wp-content\/uploads\/2020\/10\/image001-2048x1536.jpg 2048w, https:\/\/brfstyrbord.se\/wp-content\/uploads\/2020\/10\/image001-200x150.jpg 200w\" sizes=\"auto, (max-width: 706px) 89vw, (max-width: 767px) 82vw, 740px\" \/><\/figure>\n\n\n\n<h2 class=\"wp-block-heading\">Ladda ner broschyrer:<\/h2>\n\n\n\n<ul class=\"wp-block-list\"><li><a href=\"https:\/\/brfstyrbord.se\/wp-content\/uploads\/2020\/09\/Brandvarnare-Produktblad-KD-134A-10Y.pdf\" data-type=\"URL\" data-id=\"https:\/\/brfstyrbord.se\/wp-content\/uploads\/2020\/09\/Brandvarnare-Produktblad-KD-134A-10Y.pdf\">Brandvarnare.pdf<\/a><\/li><li><a href=\"https:\/\/brfstyrbord.se\/wp-content\/uploads\/2020\/09\/Aptusnyckel-Produktblad-Swe.pdf\" data-type=\"URL\" data-id=\"https:\/\/brfstyrbord.se\/wp-content\/uploads\/2020\/09\/Aptusnyckel-Produktblad-Swe.pdf\">Aptusnyckel.pdf<\/a><\/li><li><a href=\"https:\/\/brfstyrbord.se\/wp-content\/uploads\/2020\/09\/Nycklar-tagg-text.pdf\" data-type=\"URL\" data-id=\"https:\/\/brfstyrbord.se\/wp-content\/uploads\/2020\/09\/Nycklar-tagg-text.pdf\">Nycklar.pdf<\/a><\/li><li><a href=\"https:\/\/brfstyrbord.se\/wp-content\/uploads\/2020\/09\/Ringa-2707-Produktblad-Swe.pdf\" data-type=\"URL\" data-id=\"https:\/\/brfstyrbord.se\/wp-content\/uploads\/2020\/09\/Ringa-2707-Produktblad-Swe.pdf\">Ringa-2707.pdf<\/a><\/li><li><a href=\"https:\/\/brfstyrbord.se\/wp-content\/uploads\/2020\/09\/Svara-23-bruks-2001020.pdf\" data-type=\"URL\" data-id=\"https:\/\/brfstyrbord.se\/wp-content\/uploads\/2020\/09\/Svara-23-bruks-2001020.pdf\">Svara-23-bruks.pdf<\/a><\/li><li><a href=\"https:\/\/brfstyrbord.se\/wp-content\/uploads\/2020\/09\/Svara-23-Produktblad-Swe.pdf\" data-type=\"URL\" data-id=\"https:\/\/brfstyrbord.se\/wp-content\/uploads\/2020\/09\/Svara-23-Produktblad-Swe.pdf\">Svara-23-produktblad.pdf<\/a><\/li><\/ul>\n","protected":false},"excerpt":{"rendered":"<p>Bakom Tv\u00e4ttmaskin och Torktumlare finns tv\u00e5 luckor. Se bild. Det \u00e4r inspektionsluckor f\u00f6r v\u00e4rme och vatten. Om det kommer vatten fr\u00e5n dessa som rinner ut i rummet tar man kontakt med f\u00f6rvaltaren. Se fliken kontakt. Ladda ner broschyrer: Brandvarnare.pdf Aptusnyckel.pdf Nycklar.pdf Ringa-2707.pdf Svara-23-bruks.pdf Svara-23-produktblad.pdf<\/p>\n","protected":false},"author":1,"featured_media":0,"parent":0,"menu_order":0,"comment_status":"closed","ping_status":"closed","template":"","meta":{"footnotes":""},"class_list":["post-284","page","type-page","status-publish","hentry"],"_links":{"self":[{"href":"https:\/\/brfstyrbord.se\/index.php?rest_route=\/wp\/v2\/pages\/284","targetHints":{"allow":["GET"]}}],"collection":[{"href":"https:\/\/brfstyrbord.se\/index.php?rest_route=\/wp\/v2\/pages"}],"about":[{"href":"https:\/\/brfstyrbord.se\/index.php?rest_route=\/wp\/v2\/types\/page"}],"author":[{"embeddable":true,"href":"https:\/\/brfstyrbord.se\/index.php?rest_route=\/wp\/v2\/users\/1"}],"replies":[{"embeddable":true,"href":"https:\/\/brfstyrbord.se\/index.php?rest_route=%2Fwp%2Fv2%2Fcomments&post=284"}],"version-history":[{"count":31,"href":"https:\/\/brfstyrbord.se\/index.php?rest_route=\/wp\/v2\/pages\/284\/revisions"}],"predecessor-version":[{"id":994,"href":"https:\/\/brfstyrbord.se\/index.php?rest_route=\/wp\/v2\/pages\/284\/revisions\/994"}],"wp:attachment":[{"href":"https:\/\/brfstyrbord.se\/index.php?rest_route=%2Fwp%2Fv2%2Fmedia&parent=284"}],"curies":[{"name":"wp","href":"https:\/\/api.w.org\/{rel}","templated":true}]}}