{"id":286,"date":"2020-09-14T09:35:57","date_gmt":"2020-09-14T07:35:57","guid":{"rendered":"https:\/\/brfstyrbord.se\/?page_id=286"},"modified":"2022-11-18T10:00:28","modified_gmt":"2022-11-18T09:00:28","slug":"forsakringar","status":"publish","type":"page","link":"https:\/\/brfstyrbord.se\/?page_id=286","title":{"rendered":"F\u00f6rs\u00e4kringar"},"content":{"rendered":"\n<p>F\u00f6reningen har tecknat en fastighetsf\u00f6rs\u00e4kring med bostadsr\u00e4tts-till\u00e4gg. Det inneb\u00e4r att du inte beh\u00f6ver teckna separat bostadsr\u00e4ttstill\u00e4gg. Du m\u00e5ste teckna hemf\u00f6rs\u00e4kring. Olika f\u00f6rs\u00e4kringsbolag har olika typer av f\u00f6rs\u00e4kringar.<\/p>\n","protected":false},"excerpt":{"rendered":"<p>F\u00f6reningen har tecknat en fastighetsf\u00f6rs\u00e4kring med bostadsr\u00e4tts-till\u00e4gg. Det inneb\u00e4r att du inte beh\u00f6ver teckna separat bostadsr\u00e4ttstill\u00e4gg. Du m\u00e5ste teckna hemf\u00f6rs\u00e4kring. Olika f\u00f6rs\u00e4kringsbolag har olika typer av f\u00f6rs\u00e4kringar.<\/p>\n","protected":false},"author":1,"featured_media":0,"parent":0,"menu_order":0,"comment_status":"closed","ping_status":"closed","template":"","meta":{"footnotes":""},"class_list":["post-286","page","type-page","status-publish","hentry"],"_links":{"self":[{"href":"https:\/\/brfstyrbord.se\/index.php?rest_route=\/wp\/v2\/pages\/286","targetHints":{"allow":["GET"]}}],"collection":[{"href":"https:\/\/brfstyrbord.se\/index.php?rest_route=\/wp\/v2\/pages"}],"about":[{"href":"https:\/\/brfstyrbord.se\/index.php?rest_route=\/wp\/v2\/types\/page"}],"author":[{"embeddable":true,"href":"https:\/\/brfstyrbord.se\/index.php?rest_route=\/wp\/v2\/users\/1"}],"replies":[{"embeddable":true,"href":"https:\/\/brfstyrbord.se\/index.php?rest_route=%2Fwp%2Fv2%2Fcomments&post=286"}],"version-history":[{"count":4,"href":"https:\/\/brfstyrbord.se\/index.php?rest_route=\/wp\/v2\/pages\/286\/revisions"}],"predecessor-version":[{"id":895,"href":"https:\/\/brfstyrbord.se\/index.php?rest_route=\/wp\/v2\/pages\/286\/revisions\/895"}],"wp:attachment":[{"href":"https:\/\/brfstyrbord.se\/index.php?rest_route=%2Fwp%2Fv2%2Fmedia&parent=286"}],"curies":[{"name":"wp","href":"https:\/\/api.w.org\/{rel}","templated":true}]}}