{"id":297,"date":"2020-09-14T09:49:28","date_gmt":"2020-09-14T07:49:28","guid":{"rendered":"https:\/\/brfstyrbord.se\/?page_id=297"},"modified":"2023-05-24T14:20:56","modified_gmt":"2023-05-24T12:20:56","slug":"arsstamma","status":"publish","type":"page","link":"https:\/\/brfstyrbord.se\/?page_id=297","title":{"rendered":"\u00c5rsst\u00e4mma"},"content":{"rendered":"\n<p>Varje \u00e5r h\u00e5lls en ordinarie \u00e5rsst\u00e4mma d\u00e5 medlemmarna tr\u00e4ffas f\u00f6r att g\u00e5 igenom f\u00f6reningens \u00e5rsredovisning och revisionsber\u00e4ttelse samt att v\u00e4lja ny styrelse.<\/p>\n\n\n\n<p>F\u00f6reningsst\u00e4mman \u00e5r 2023 h\u00f6lls p\u00e5 folkets hus i April. Anm\u00e4lan sker via brfstyrbord@gmail.com. <\/p>\n\n\n\n<p><\/p>\n","protected":false},"excerpt":{"rendered":"<p>Varje \u00e5r h\u00e5lls en ordinarie \u00e5rsst\u00e4mma d\u00e5 medlemmarna tr\u00e4ffas f\u00f6r att g\u00e5 igenom f\u00f6reningens \u00e5rsredovisning och revisionsber\u00e4ttelse samt att v\u00e4lja ny styrelse. F\u00f6reningsst\u00e4mman \u00e5r 2023 h\u00f6lls p\u00e5 folkets hus i April. Anm\u00e4lan sker via brfstyrbord@gmail.com.<\/p>\n","protected":false},"author":1,"featured_media":0,"parent":0,"menu_order":0,"comment_status":"closed","ping_status":"closed","template":"","meta":{"footnotes":""},"class_list":["post-297","page","type-page","status-publish","hentry"],"_links":{"self":[{"href":"https:\/\/brfstyrbord.se\/index.php?rest_route=\/wp\/v2\/pages\/297","targetHints":{"allow":["GET"]}}],"collection":[{"href":"https:\/\/brfstyrbord.se\/index.php?rest_route=\/wp\/v2\/pages"}],"about":[{"href":"https:\/\/brfstyrbord.se\/index.php?rest_route=\/wp\/v2\/types\/page"}],"author":[{"embeddable":true,"href":"https:\/\/brfstyrbord.se\/index.php?rest_route=\/wp\/v2\/users\/1"}],"replies":[{"embeddable":true,"href":"https:\/\/brfstyrbord.se\/index.php?rest_route=%2Fwp%2Fv2%2Fcomments&post=297"}],"version-history":[{"count":5,"href":"https:\/\/brfstyrbord.se\/index.php?rest_route=\/wp\/v2\/pages\/297\/revisions"}],"predecessor-version":[{"id":1220,"href":"https:\/\/brfstyrbord.se\/index.php?rest_route=\/wp\/v2\/pages\/297\/revisions\/1220"}],"wp:attachment":[{"href":"https:\/\/brfstyrbord.se\/index.php?rest_route=%2Fwp%2Fv2%2Fmedia&parent=297"}],"curies":[{"name":"wp","href":"https:\/\/api.w.org\/{rel}","templated":true}]}}