{"id":312,"date":"2020-09-14T09:54:19","date_gmt":"2020-09-14T07:54:19","guid":{"rendered":"https:\/\/brfstyrbord.se\/?page_id=312"},"modified":"2022-11-18T10:00:14","modified_gmt":"2022-11-18T09:00:14","slug":"tidningsfack","status":"publish","type":"page","link":"https:\/\/brfstyrbord.se\/?page_id=312","title":{"rendered":"Tidningsfack"},"content":{"rendered":"\n<p>Utanf\u00f6r varje l\u00e4genhet i flerbostadshusen finns ett s\u00e4rskilt fack f\u00f6r tidningar.<br>F\u00f6r radhusen l\u00e4mnas tidningar i respektive brevl\u00e5da som finns p\u00e5 g\u00e5rden.<\/p>\n","protected":false},"excerpt":{"rendered":"<p>Utanf\u00f6r varje l\u00e4genhet i flerbostadshusen finns ett s\u00e4rskilt fack f\u00f6r tidningar.F\u00f6r radhusen l\u00e4mnas tidningar i respektive brevl\u00e5da som finns p\u00e5 g\u00e5rden.<\/p>\n","protected":false},"author":1,"featured_media":0,"parent":0,"menu_order":0,"comment_status":"closed","ping_status":"closed","template":"","meta":{"footnotes":""},"class_list":["post-312","page","type-page","status-publish","hentry"],"_links":{"self":[{"href":"https:\/\/brfstyrbord.se\/index.php?rest_route=\/wp\/v2\/pages\/312","targetHints":{"allow":["GET"]}}],"collection":[{"href":"https:\/\/brfstyrbord.se\/index.php?rest_route=\/wp\/v2\/pages"}],"about":[{"href":"https:\/\/brfstyrbord.se\/index.php?rest_route=\/wp\/v2\/types\/page"}],"author":[{"embeddable":true,"href":"https:\/\/brfstyrbord.se\/index.php?rest_route=\/wp\/v2\/users\/1"}],"replies":[{"embeddable":true,"href":"https:\/\/brfstyrbord.se\/index.php?rest_route=%2Fwp%2Fv2%2Fcomments&post=312"}],"version-history":[{"count":2,"href":"https:\/\/brfstyrbord.se\/index.php?rest_route=\/wp\/v2\/pages\/312\/revisions"}],"predecessor-version":[{"id":973,"href":"https:\/\/brfstyrbord.se\/index.php?rest_route=\/wp\/v2\/pages\/312\/revisions\/973"}],"wp:attachment":[{"href":"https:\/\/brfstyrbord.se\/index.php?rest_route=%2Fwp%2Fv2%2Fmedia&parent=312"}],"curies":[{"name":"wp","href":"https:\/\/api.w.org\/{rel}","templated":true}]}}