{"id":328,"date":"2020-09-14T10:25:27","date_gmt":"2020-09-14T08:25:27","guid":{"rendered":"https:\/\/brfstyrbord.se\/?page_id=328"},"modified":"2022-11-18T10:00:14","modified_gmt":"2022-11-18T09:00:14","slug":"projektet","status":"publish","type":"page","link":"https:\/\/brfstyrbord.se\/?page_id=328","title":{"rendered":"Projektet"},"content":{"rendered":"\n<p>Projektet Kajkanten ligger i Limhamns Sj\u00f6stad, i v\u00e4stra Malm\u00f6. Omr\u00e5det har exploaterats det senaste decenniet efter att ha varit industrimark med glasbruk, n\u00e4rliggande kalkbrott och cementfabrik. Kajkanten best\u00e5r av tre kvarter i Limhamns sj\u00f6stad. Varje kvarter \u00e4r en egen fastighet. Den tidigare \u00e4garen (Bonava) s\u00e5lde 2017 kvarteret Styrbord, efter anbudsgivning, till danska ELF Development i form av Aktiebolag (AB). Aktiebolaget som bostadsr\u00e4ttsf\u00f6reningen har f\u00f6rv\u00e4rvat heter ELF Lotta Fem AB, vilket \u00e4r under avveckling.<\/p>\n","protected":false},"excerpt":{"rendered":"<p>Projektet Kajkanten ligger i Limhamns Sj\u00f6stad, i v\u00e4stra Malm\u00f6. Omr\u00e5det har exploaterats det senaste decenniet efter att ha varit industrimark med glasbruk, n\u00e4rliggande kalkbrott och cementfabrik. Kajkanten best\u00e5r av tre kvarter i Limhamns sj\u00f6stad. Varje kvarter \u00e4r en egen fastighet. Den tidigare \u00e4garen (Bonava) s\u00e5lde 2017 kvarteret Styrbord, efter anbudsgivning, till danska ELF Development i &hellip; <\/p>\n<p class=\"link-more\"><a href=\"https:\/\/brfstyrbord.se\/?page_id=328\" class=\"more-link\">Forts\u00e4tt l\u00e4sa<span class=\"screen-reader-text\"> &#8221;Projektet&#8221;<\/span><\/a><\/p>\n","protected":false},"author":1,"featured_media":0,"parent":0,"menu_order":0,"comment_status":"closed","ping_status":"closed","template":"","meta":{"footnotes":""},"class_list":["post-328","page","type-page","status-publish","hentry"],"_links":{"self":[{"href":"https:\/\/brfstyrbord.se\/index.php?rest_route=\/wp\/v2\/pages\/328","targetHints":{"allow":["GET"]}}],"collection":[{"href":"https:\/\/brfstyrbord.se\/index.php?rest_route=\/wp\/v2\/pages"}],"about":[{"href":"https:\/\/brfstyrbord.se\/index.php?rest_route=\/wp\/v2\/types\/page"}],"author":[{"embeddable":true,"href":"https:\/\/brfstyrbord.se\/index.php?rest_route=\/wp\/v2\/users\/1"}],"replies":[{"embeddable":true,"href":"https:\/\/brfstyrbord.se\/index.php?rest_route=%2Fwp%2Fv2%2Fcomments&post=328"}],"version-history":[{"count":2,"href":"https:\/\/brfstyrbord.se\/index.php?rest_route=\/wp\/v2\/pages\/328\/revisions"}],"predecessor-version":[{"id":922,"href":"https:\/\/brfstyrbord.se\/index.php?rest_route=\/wp\/v2\/pages\/328\/revisions\/922"}],"wp:attachment":[{"href":"https:\/\/brfstyrbord.se\/index.php?rest_route=%2Fwp%2Fv2%2Fmedia&parent=328"}],"curies":[{"name":"wp","href":"https:\/\/api.w.org\/{rel}","templated":true}]}}