{"id":554,"date":"2020-09-23T10:44:09","date_gmt":"2020-09-23T08:44:09","guid":{"rendered":"https:\/\/brfstyrbord.se\/?page_id=554"},"modified":"2022-11-18T10:00:14","modified_gmt":"2022-11-18T09:00:14","slug":"terrasser","status":"publish","type":"page","link":"https:\/\/brfstyrbord.se\/?page_id=554","title":{"rendered":"Terrasser"},"content":{"rendered":"\n<p>En stor gemensam terrass finns h\u00f6gst upp i hus M4 f\u00f6r alla boende i f\u00f6reningen. Se mer under Gemensamt.<\/p>\n\n\n\n<h2 class=\"wp-block-heading\">Ladda ner borschyr:<\/h2>\n\n\n\n<ul class=\"wp-block-list\"><li><a href=\"https:\/\/brfstyrbord.se\/wp-content\/uploads\/2020\/09\/DS-terrasser.pdf\" data-type=\"URL\" data-id=\"https:\/\/brfstyrbord.se\/wp-content\/uploads\/2020\/09\/DS-terrasser.pdf\">DS-terrasser.pdf<\/a><\/li><li><a href=\"https:\/\/brfstyrbord.se\/wp-content\/uploads\/2020\/09\/Vattenutkastare-Mora.pdf\">Vattenutkastare-mora.pdf<\/a><\/li><\/ul>\n","protected":false},"excerpt":{"rendered":"<p>En stor gemensam terrass finns h\u00f6gst upp i hus M4 f\u00f6r alla boende i f\u00f6reningen. Se mer under Gemensamt. Ladda ner borschyr: DS-terrasser.pdf Vattenutkastare-mora.pdf<\/p>\n","protected":false},"author":1,"featured_media":0,"parent":0,"menu_order":0,"comment_status":"closed","ping_status":"closed","template":"","meta":{"footnotes":""},"class_list":["post-554","page","type-page","status-publish","hentry"],"_links":{"self":[{"href":"https:\/\/brfstyrbord.se\/index.php?rest_route=\/wp\/v2\/pages\/554","targetHints":{"allow":["GET"]}}],"collection":[{"href":"https:\/\/brfstyrbord.se\/index.php?rest_route=\/wp\/v2\/pages"}],"about":[{"href":"https:\/\/brfstyrbord.se\/index.php?rest_route=\/wp\/v2\/types\/page"}],"author":[{"embeddable":true,"href":"https:\/\/brfstyrbord.se\/index.php?rest_route=\/wp\/v2\/users\/1"}],"replies":[{"embeddable":true,"href":"https:\/\/brfstyrbord.se\/index.php?rest_route=%2Fwp%2Fv2%2Fcomments&post=554"}],"version-history":[{"count":4,"href":"https:\/\/brfstyrbord.se\/index.php?rest_route=\/wp\/v2\/pages\/554\/revisions"}],"predecessor-version":[{"id":995,"href":"https:\/\/brfstyrbord.se\/index.php?rest_route=\/wp\/v2\/pages\/554\/revisions\/995"}],"wp:attachment":[{"href":"https:\/\/brfstyrbord.se\/index.php?rest_route=%2Fwp%2Fv2%2Fmedia&parent=554"}],"curies":[{"name":"wp","href":"https:\/\/api.w.org\/{rel}","templated":true}]}}