{"id":664,"date":"2020-09-24T08:19:12","date_gmt":"2020-09-24T06:19:12","guid":{"rendered":"https:\/\/brfstyrbord.se\/?page_id=664"},"modified":"2022-11-18T10:00:27","modified_gmt":"2022-11-18T09:00:27","slug":"badrum","status":"publish","type":"page","link":"https:\/\/brfstyrbord.se\/?page_id=664","title":{"rendered":"Badrum"},"content":{"rendered":"\n<h2 class=\"wp-block-heading\">Ladda ner borschyrer:<\/h2>\n\n\n\n<ul class=\"wp-block-list\"><li><a href=\"https:\/\/brfstyrbord.se\/wp-content\/uploads\/2020\/09\/Badrumsbeslag.pdf\" data-type=\"URL\" data-id=\"https:\/\/brfstyrbord.se\/wp-content\/uploads\/2020\/09\/Badrumsbeslag.pdf\">Badrumsbeslag.pdf<\/a><\/li><li><a href=\"https:\/\/brfstyrbord.se\/wp-content\/uploads\/2020\/09\/Bruksanv_somatherm_handdukstork_kabel_SV-1.pdf\" data-type=\"URL\" data-id=\"https:\/\/brfstyrbord.se\/wp-content\/uploads\/2020\/09\/Bruksanv_somatherm_handdukstork_kabel_SV-1.pdf\">Bruksanv-somatherm-handdukstork-kabel-SV.pdf<\/a><\/li><li><a href=\"https:\/\/brfstyrbord.se\/wp-content\/uploads\/2020\/09\/Dusch-Mora-Cera.pdf\" data-type=\"URL\" data-id=\"https:\/\/brfstyrbord.se\/wp-content\/uploads\/2020\/09\/Dusch-Mora-Cera.pdf\">Dusch-Mora-Cera.pdf<\/a><\/li><li><a href=\"https:\/\/brfstyrbord.se\/wp-content\/uploads\/2020\/09\/Dusch-Mora-Mmix.pdf\" data-type=\"URL\" data-id=\"https:\/\/brfstyrbord.se\/wp-content\/uploads\/2020\/09\/Dusch-Mora-Mmix.pdf\">Dusch-Mora-Mmix.pdf<\/a><\/li><li><a href=\"https:\/\/brfstyrbord.se\/wp-content\/uploads\/2020\/09\/Dusch-Mora-One.pdf\" data-type=\"URL\" data-id=\"https:\/\/brfstyrbord.se\/wp-content\/uploads\/2020\/09\/Dusch-Mora-One.pdf\">Dusch-Mora-One.pdf<\/a><\/li><li><a href=\"https:\/\/brfstyrbord.se\/wp-content\/uploads\/2020\/09\/hafa_Care_Instructions.pdf\" data-type=\"URL\" data-id=\"https:\/\/brfstyrbord.se\/wp-content\/uploads\/2020\/09\/hafa_Care_Instructions.pdf\">hafa_Care_Instructions.pdf<\/a><\/li><li><a href=\"https:\/\/brfstyrbord.se\/wp-content\/uploads\/2020\/09\/HTHs-sk\u0424tselanvisning-sk\u0416p-2014-svenska.pdf\" data-type=\"URL\" data-id=\"https:\/\/brfstyrbord.se\/wp-content\/uploads\/2020\/09\/HTHs-sk\u0424tselanvisning-sk\u0416p-2014-svenska.pdf\">HTHs-sk\u00f6tselanvisning-sk\u00e5p-2014-svenska.pdf<\/a><\/li><li><a href=\"https:\/\/brfstyrbord.se\/wp-content\/uploads\/2020\/09\/Implast-Laminat-sk\u0424tsel-och-underh\u0416ll.pdf\" data-type=\"URL\" data-id=\"https:\/\/brfstyrbord.se\/wp-content\/uploads\/2020\/09\/Implast-Laminat-sk\u0424tsel-och-underh\u0416ll.pdf\">Implast-Laminat-sk\u00f6tsel-och-underh\u00e5ll.pdf<\/a><\/li><li><a href=\"https:\/\/brfstyrbord.se\/wp-content\/uploads\/2020\/09\/NORO-Tips-och-sk\u0424tselr\u0416d.pdf\" data-type=\"URL\" data-id=\"https:\/\/brfstyrbord.se\/wp-content\/uploads\/2020\/09\/NORO-Tips-och-sk\u0424tselr\u0416d.pdf\">NORO-Tips-och-sk\u00f6tselr\u00e5d.pdf<\/a><\/li><li><a href=\"https:\/\/brfstyrbord.se\/wp-content\/uploads\/2020\/09\/Sk\u0424tsel-blandare.pdf\" data-type=\"URL\" data-id=\"https:\/\/brfstyrbord.se\/wp-content\/uploads\/2020\/09\/Sk\u0424tsel-blandare.pdf\">Sk\u00f6tsel-blandare.pdf<\/a><\/li><li><a href=\"https:\/\/brfstyrbord.se\/wp-content\/uploads\/2020\/09\/sk\u0424tsel-b\u0414nkAV.pdf\" data-type=\"URL\" data-id=\"https:\/\/brfstyrbord.se\/wp-content\/uploads\/2020\/09\/sk\u0424tsel-b\u0414nkAV.pdf\">sk\u00f6tsel-b\u00e4nkAV.pdf<\/a><\/li><li><a href=\"https:\/\/brfstyrbord.se\/wp-content\/uploads\/2020\/09\/Svedbergs-Forma-Tv\u0414ttst\u0414ll.pdf\" data-type=\"URL\" data-id=\"https:\/\/brfstyrbord.se\/wp-content\/uploads\/2020\/09\/Svedbergs-Forma-Tv\u0414ttst\u0414ll.pdf\">Svedbergs-Forma-Tv\u00e4ttst\u00e4ll.pdf<\/a><\/li><li><a href=\"https:\/\/brfstyrbord.se\/wp-content\/uploads\/2020\/09\/Tv\u0414ttst\u0414llsblandare-Mora-Mmix-B5.pdf\" data-type=\"URL\" data-id=\"https:\/\/brfstyrbord.se\/wp-content\/uploads\/2020\/09\/Tv\u0414ttst\u0414llsblandare-Mora-Mmix-B5.pdf\">Tv\u00e4ttst\u00e4llsblandare-Mora-Mmix-B5.pdf<\/a><\/li><li><a href=\"https:\/\/brfstyrbord.se\/wp-content\/uploads\/2020\/09\/Tv\u0414ttst\u0414llsblandare-Mora-Mmix-Tronic.pdf\" data-type=\"URL\" data-id=\"https:\/\/brfstyrbord.se\/wp-content\/uploads\/2020\/09\/Tv\u0414ttst\u0414llsblandare-Mora-Mmix-Tronic.pdf\">Tv\u00e4ttst\u00e4llsblandare-Mora-Mmix-Tronic.pdf<\/a><\/li><li><a href=\"https:\/\/brfstyrbord.se\/wp-content\/uploads\/2020\/11\/HTH-justering-gangjarn-och-LUX-lador.pdf\">HTH justering g\u00e5ngj\u00e4rn och LUX-l\u00e5dor<\/a><\/li><\/ul>\n\n\n\n<p>T\u00e4cklocket ovanf\u00f6r str\u00f6mbrytaren i alla bad och WC har med elinstallation att g\u00f6ra och ska inte t\u00e4ckas \u00f6ver.<\/p>\n\n\n\n<div class=\"wp-block-image\"><figure class=\"alignleft size-large is-resized\"><img loading=\"lazy\" decoding=\"async\" src=\"https:\/\/brfstyrbord.se\/wp-content\/uploads\/2020\/09\/Tacklock-IMG_2190-edited.jpg\" alt=\"\" class=\"wp-image-874\" width=\"406\" height=\"541\" srcset=\"https:\/\/brfstyrbord.se\/wp-content\/uploads\/2020\/09\/Tacklock-IMG_2190-edited.jpg 1512w, https:\/\/brfstyrbord.se\/wp-content\/uploads\/2020\/09\/Tacklock-IMG_2190-edited-250x333.jpg 250w, https:\/\/brfstyrbord.se\/wp-content\/uploads\/2020\/09\/Tacklock-IMG_2190-edited-940x1253.jpg 940w, https:\/\/brfstyrbord.se\/wp-content\/uploads\/2020\/09\/Tacklock-IMG_2190-edited-768x1024.jpg 768w, https:\/\/brfstyrbord.se\/wp-content\/uploads\/2020\/09\/Tacklock-IMG_2190-edited-1152x1536.jpg 1152w\" sizes=\"auto, (max-width: 406px) 100vw, 406px\" \/><\/figure><\/div>\n","protected":false},"excerpt":{"rendered":"<p>Ladda ner borschyrer: Badrumsbeslag.pdf Bruksanv-somatherm-handdukstork-kabel-SV.pdf Dusch-Mora-Cera.pdf Dusch-Mora-Mmix.pdf Dusch-Mora-One.pdf hafa_Care_Instructions.pdf HTHs-sk\u00f6tselanvisning-sk\u00e5p-2014-svenska.pdf Implast-Laminat-sk\u00f6tsel-och-underh\u00e5ll.pdf NORO-Tips-och-sk\u00f6tselr\u00e5d.pdf Sk\u00f6tsel-blandare.pdf sk\u00f6tsel-b\u00e4nkAV.pdf Svedbergs-Forma-Tv\u00e4ttst\u00e4ll.pdf Tv\u00e4ttst\u00e4llsblandare-Mora-Mmix-B5.pdf Tv\u00e4ttst\u00e4llsblandare-Mora-Mmix-Tronic.pdf HTH justering g\u00e5ngj\u00e4rn och LUX-l\u00e5dor T\u00e4cklocket ovanf\u00f6r str\u00f6mbrytaren i alla bad och WC har med elinstallation att g\u00f6ra och ska inte t\u00e4ckas \u00f6ver.<\/p>\n","protected":false},"author":1,"featured_media":0,"parent":0,"menu_order":0,"comment_status":"closed","ping_status":"closed","template":"","meta":{"footnotes":""},"class_list":["post-664","page","type-page","status-publish","hentry"],"_links":{"self":[{"href":"https:\/\/brfstyrbord.se\/index.php?rest_route=\/wp\/v2\/pages\/664","targetHints":{"allow":["GET"]}}],"collection":[{"href":"https:\/\/brfstyrbord.se\/index.php?rest_route=\/wp\/v2\/pages"}],"about":[{"href":"https:\/\/brfstyrbord.se\/index.php?rest_route=\/wp\/v2\/types\/page"}],"author":[{"embeddable":true,"href":"https:\/\/brfstyrbord.se\/index.php?rest_route=\/wp\/v2\/users\/1"}],"replies":[{"embeddable":true,"href":"https:\/\/brfstyrbord.se\/index.php?rest_route=%2Fwp%2Fv2%2Fcomments&post=664"}],"version-history":[{"count":10,"href":"https:\/\/brfstyrbord.se\/index.php?rest_route=\/wp\/v2\/pages\/664\/revisions"}],"predecessor-version":[{"id":1024,"href":"https:\/\/brfstyrbord.se\/index.php?rest_route=\/wp\/v2\/pages\/664\/revisions\/1024"}],"wp:attachment":[{"href":"https:\/\/brfstyrbord.se\/index.php?rest_route=%2Fwp%2Fv2%2Fmedia&parent=664"}],"curies":[{"name":"wp","href":"https:\/\/api.w.org\/{rel}","templated":true}]}}