{"id":693,"date":"2020-09-24T08:46:52","date_gmt":"2020-09-24T06:46:52","guid":{"rendered":"https:\/\/brfstyrbord.se\/?page_id=693"},"modified":"2022-11-18T10:00:13","modified_gmt":"2022-11-18T09:00:13","slug":"kok","status":"publish","type":"page","link":"https:\/\/brfstyrbord.se\/?page_id=693","title":{"rendered":"K\u00f6k"},"content":{"rendered":"\n<h2 class=\"wp-block-heading\">Ladda ner borschyrer:<\/h2>\n\n\n\n<ul class=\"wp-block-list\"><li><a href=\"https:\/\/brfstyrbord.se\/wp-content\/uploads\/2020\/09\/Dekton-cleaning-and-maintenance-kitchen-worktops-SE.pdf\" data-type=\"URL\" data-id=\"https:\/\/brfstyrbord.se\/wp-content\/uploads\/2020\/09\/Dekton-cleaning-and-maintenance-kitchen-worktops-SE.pdf\">Dekton-cleaning-and-maintenance-kitchen-worktops-SE.pdf<\/a><\/li><li><a href=\"https:\/\/brfstyrbord.se\/wp-content\/uploads\/2020\/09\/HTHs-sk\u0424tselanvisning-sk\u0416p-2014-svenska-1.pdf\" data-type=\"URL\" data-id=\"https:\/\/brfstyrbord.se\/wp-content\/uploads\/2020\/09\/HTHs-sk\u0424tselanvisning-sk\u0416p-2014-svenska-1.pdf\">HTHs-sk\u00f6tselanvisning-sk\u00e5p-2014-svenska-1.pdf<\/a><\/li><li><a href=\"https:\/\/brfstyrbord.se\/wp-content\/uploads\/2020\/09\/Implast-Laminat-sk\u0424tsel-och-underh\u0416ll-1.pdf\" data-type=\"URL\" data-id=\"https:\/\/brfstyrbord.se\/wp-content\/uploads\/2020\/09\/Implast-Laminat-sk\u0424tsel-och-underh\u0416ll-1.pdf\">Implast-Laminat-sk\u00f6tsel-och-underh\u00e5ll-1.pdf<\/a><\/li><li><a href=\"https:\/\/brfstyrbord.se\/wp-content\/uploads\/2020\/09\/K\u0424ksblandare-Mora-Cera-Miniprofi.pdf\" data-type=\"URL\" data-id=\"https:\/\/brfstyrbord.se\/wp-content\/uploads\/2020\/09\/K\u0424ksblandare-Mora-Cera-Miniprofi.pdf\">K\u00f6ksblandare-Mora-Cera-Miniprofi.pdf<\/a><\/li><li><a href=\"https:\/\/brfstyrbord.se\/wp-content\/uploads\/2020\/09\/K\u0424ksblandare-Mora-Mmix-K5.pdf\" data-type=\"URL\" data-id=\"https:\/\/brfstyrbord.se\/wp-content\/uploads\/2020\/09\/K\u0424ksblandare-Mora-Mmix-K5.pdf\">K\u00f6ksblandare-Mora-Mmix-K5.pdf<\/a><\/li><li><a href=\"https:\/\/brfstyrbord.se\/wp-content\/uploads\/2020\/09\/K\u0424ksblandare-Mora-Mmix-K6.pdf\" data-type=\"URL\" data-id=\"https:\/\/brfstyrbord.se\/wp-content\/uploads\/2020\/09\/K\u0424ksblandare-Mora-Mmix-K6.pdf\">K\u00f6ksblandare-Mora-Mmix-K6.pdf<\/a><\/li><li><a href=\"https:\/\/brfstyrbord.se\/wp-content\/uploads\/2020\/09\/Natursten-Sk\u0424tsel-003.pdf\" data-type=\"URL\" data-id=\"https:\/\/brfstyrbord.se\/wp-content\/uploads\/2020\/09\/Natursten-Sk\u0424tsel-003.pdf\">Natursten-Sk\u00f6tsel-003.pdf<\/a><\/li><li><a href=\"https:\/\/brfstyrbord.se\/wp-content\/uploads\/2020\/09\/Sk\u0424tsel-Underh\u0416ll-Kvartskomposit-003.pdf\" data-type=\"URL\" data-id=\"https:\/\/brfstyrbord.se\/wp-content\/uploads\/2020\/09\/Sk\u0424tsel-Underh\u0416ll-Kvartskomposit-003.pdf\">Sk\u00f6tsel-Underh\u00e5ll-Kvartskomposit-003.pdf<\/a><\/li><li><a href=\"https:\/\/brfstyrbord.se\/wp-content\/uploads\/2020\/09\/Sk\u0424tsel-Underh\u0416ll-Kvartskomposit-003.pdf\" data-type=\"URL\" data-id=\"https:\/\/brfstyrbord.se\/wp-content\/uploads\/2020\/09\/Sk\u0424tsel-Underh\u0416ll-Kvartskomposit-003.pdf\">Sk\u00f6tsel-Underh\u00e5ll-Kvartskomposit-003.pdf<\/a><\/li><li><a href=\"https:\/\/brfstyrbord.se\/wp-content\/uploads\/2020\/09\/Timer_h\u0424rnbox_Product-Manual-ETM620P_201711.pdf\" data-type=\"URL\" data-id=\"https:\/\/brfstyrbord.se\/wp-content\/uploads\/2020\/09\/Timer_h\u0424rnbox_Product-Manual-ETM620P_201711.pdf\">Timer-h\u00f6rnbox-Product Manual ETM620P-201711<\/a><\/li><li><a href=\"https:\/\/brfstyrbord.se\/wp-content\/uploads\/2020\/09\/Universaldosdimmer.pdf\" data-type=\"URL\" data-id=\"https:\/\/brfstyrbord.se\/wp-content\/uploads\/2020\/09\/Universaldosdimmer.pdf\">Universaldosdimmer.pdf<\/a><\/li><li><a href=\"https:\/\/brfstyrbord.se\/wp-content\/uploads\/2020\/11\/HTH-justering-gangjarn-och-LUX-lador.pdf\">HTH justering g\u00e5ngj\u00e4rn och LUX-l\u00e5dor<\/a><\/li><\/ul>\n\n\n\n<p><\/p>\n","protected":false},"excerpt":{"rendered":"<p>Ladda ner borschyrer: Dekton-cleaning-and-maintenance-kitchen-worktops-SE.pdf HTHs-sk\u00f6tselanvisning-sk\u00e5p-2014-svenska-1.pdf Implast-Laminat-sk\u00f6tsel-och-underh\u00e5ll-1.pdf K\u00f6ksblandare-Mora-Cera-Miniprofi.pdf K\u00f6ksblandare-Mora-Mmix-K5.pdf K\u00f6ksblandare-Mora-Mmix-K6.pdf Natursten-Sk\u00f6tsel-003.pdf Sk\u00f6tsel-Underh\u00e5ll-Kvartskomposit-003.pdf Sk\u00f6tsel-Underh\u00e5ll-Kvartskomposit-003.pdf Timer-h\u00f6rnbox-Product Manual ETM620P-201711 Universaldosdimmer.pdf HTH justering g\u00e5ngj\u00e4rn och LUX-l\u00e5dor<\/p>\n","protected":false},"author":1,"featured_media":0,"parent":0,"menu_order":0,"comment_status":"closed","ping_status":"closed","template":"","meta":{"footnotes":""},"class_list":["post-693","page","type-page","status-publish","hentry"],"_links":{"self":[{"href":"https:\/\/brfstyrbord.se\/index.php?rest_route=\/wp\/v2\/pages\/693","targetHints":{"allow":["GET"]}}],"collection":[{"href":"https:\/\/brfstyrbord.se\/index.php?rest_route=\/wp\/v2\/pages"}],"about":[{"href":"https:\/\/brfstyrbord.se\/index.php?rest_route=\/wp\/v2\/types\/page"}],"author":[{"embeddable":true,"href":"https:\/\/brfstyrbord.se\/index.php?rest_route=\/wp\/v2\/users\/1"}],"replies":[{"embeddable":true,"href":"https:\/\/brfstyrbord.se\/index.php?rest_route=%2Fwp%2Fv2%2Fcomments&post=693"}],"version-history":[{"count":3,"href":"https:\/\/brfstyrbord.se\/index.php?rest_route=\/wp\/v2\/pages\/693\/revisions"}],"predecessor-version":[{"id":1022,"href":"https:\/\/brfstyrbord.se\/index.php?rest_route=\/wp\/v2\/pages\/693\/revisions\/1022"}],"wp:attachment":[{"href":"https:\/\/brfstyrbord.se\/index.php?rest_route=%2Fwp%2Fv2%2Fmedia&parent=693"}],"curies":[{"name":"wp","href":"https:\/\/api.w.org\/{rel}","templated":true}]}}