{"id":700,"date":"2020-09-24T08:53:37","date_gmt":"2020-09-24T06:53:37","guid":{"rendered":"https:\/\/brfstyrbord.se\/?page_id=700"},"modified":"2022-11-18T10:00:14","modified_gmt":"2022-11-18T09:00:14","slug":"garderober","status":"publish","type":"page","link":"https:\/\/brfstyrbord.se\/?page_id=700","title":{"rendered":"Sk\u00e5p"},"content":{"rendered":"\n<p>Leverant\u00f6ren Elfa erbjuder olika l\u00f6sningar och montage f\u00f6r inredning av t ex hyllor i skjutd\u00f6rrsgarderober. Kontakt kommer senare.<\/p>\n\n\n\n<h2 class=\"wp-block-heading\">Ladda ner broschyrer:<\/h2>\n\n\n\n<ul class=\"wp-block-list\"><li><a href=\"https:\/\/brfstyrbord.se\/wp-content\/uploads\/2020\/09\/HTHs-sk\u0424tselanvisning-sk\u0416p-2014-svenska-2.pdf\" data-type=\"URL\" data-id=\"https:\/\/brfstyrbord.se\/wp-content\/uploads\/2020\/09\/HTHs-sk\u0424tselanvisning-sk\u0416p-2014-svenska-2.pdf\">HTHs-sk\u00f6tselanvisning-sk\u00e5p-2014-svenska-2.pdf<\/a><\/li><li><a href=\"https:\/\/brfstyrbord.se\/wp-content\/uploads\/2020\/09\/KA-skjutd\u0424rrar-skjutd\u0424rrs-inredning-sk\u0424tselanvisnig.pdf\" data-type=\"URL\" data-id=\"https:\/\/brfstyrbord.se\/wp-content\/uploads\/2020\/09\/KA-skjutd\u0424rrar-skjutd\u0424rrs-inredning-sk\u0424tselanvisnig.pdf\">KA-skjutd\u00f6rrar-skjutd\u00f6rrs-inredning-sk\u00f6tselanvisnig.pdf<\/a><\/li><\/ul>\n\n\n\n<p><\/p>\n","protected":false},"excerpt":{"rendered":"<p>Leverant\u00f6ren Elfa erbjuder olika l\u00f6sningar och montage f\u00f6r inredning av t ex hyllor i skjutd\u00f6rrsgarderober. Kontakt kommer senare. Ladda ner broschyrer: HTHs-sk\u00f6tselanvisning-sk\u00e5p-2014-svenska-2.pdf KA-skjutd\u00f6rrar-skjutd\u00f6rrs-inredning-sk\u00f6tselanvisnig.pdf<\/p>\n","protected":false},"author":1,"featured_media":0,"parent":0,"menu_order":0,"comment_status":"closed","ping_status":"closed","template":"","meta":{"footnotes":""},"class_list":["post-700","page","type-page","status-publish","hentry"],"_links":{"self":[{"href":"https:\/\/brfstyrbord.se\/index.php?rest_route=\/wp\/v2\/pages\/700","targetHints":{"allow":["GET"]}}],"collection":[{"href":"https:\/\/brfstyrbord.se\/index.php?rest_route=\/wp\/v2\/pages"}],"about":[{"href":"https:\/\/brfstyrbord.se\/index.php?rest_route=\/wp\/v2\/types\/page"}],"author":[{"embeddable":true,"href":"https:\/\/brfstyrbord.se\/index.php?rest_route=\/wp\/v2\/users\/1"}],"replies":[{"embeddable":true,"href":"https:\/\/brfstyrbord.se\/index.php?rest_route=%2Fwp%2Fv2%2Fcomments&post=700"}],"version-history":[{"count":3,"href":"https:\/\/brfstyrbord.se\/index.php?rest_route=\/wp\/v2\/pages\/700\/revisions"}],"predecessor-version":[{"id":1003,"href":"https:\/\/brfstyrbord.se\/index.php?rest_route=\/wp\/v2\/pages\/700\/revisions\/1003"}],"wp:attachment":[{"href":"https:\/\/brfstyrbord.se\/index.php?rest_route=%2Fwp%2Fv2%2Fmedia&parent=700"}],"curies":[{"name":"wp","href":"https:\/\/api.w.org\/{rel}","templated":true}]}}