{"id":85,"date":"2020-09-09T08:34:17","date_gmt":"2020-09-09T06:34:17","guid":{"rendered":"https:\/\/brfstyrbord.se\/?page_id=85"},"modified":"2022-11-18T10:00:27","modified_gmt":"2022-11-18T09:00:27","slug":"adresser","status":"publish","type":"page","link":"https:\/\/brfstyrbord.se\/?page_id=85","title":{"rendered":"Adresser"},"content":{"rendered":"\n<h2 class=\"wp-block-heading\"><strong>L\u00e4genheter:<\/strong><\/h2>\n\n\n\n<p><\/p>\n\n\n\n<p>M2-1002 &#8211;M2-1003 Murbruksgatan 19<br>216 47 Limhamn<\/p>\n\n\n\n<p>M2-1004** Babordsgatan 7<br>216 47 Limhamn<\/p>\n\n\n\n<p>M2-1101 &#8211;M2-1103 Murbruksgatan 19<br>216 47 Limhamn<\/p>\n\n\n\n<p>M2-1104**Babordsgatan 9<br>216 47 Limhamn<\/p>\n\n\n\n<p>M2-1201 &#8211;M2-1501Murbruksgatan 19<br>216 47 Limhamn<\/p>\n\n\n\n<p>M4A-1001\u2014M4A-1603 Limhamns Stationsv\u00e4g 26<br>216 47 Limhamn<\/p>\n\n\n\n<p>M4B-1001 \u2013M4B-1701 Limhamns Stationsv\u00e4g 22<br>216 47 Limhamn<\/p>\n\n\n\n<p><\/p>\n\n\n\n<h2 class=\"wp-block-heading\"><strong>Gathus:<\/strong><\/h2>\n\n\n\n<p><\/p>\n\n\n\n<p>M1-1 Limhamns Stationsv\u00e4g 30<br>216 47 Limhamn<\/p>\n\n\n\n<p>M1-2 Limhamns Stationsv\u00e4g 32<br>216 47 Limhamn<\/p>\n\n\n\n<p>M1-3 Limhamns Stationsv\u00e4g 34<br>216 47 Limhamn<\/p>\n\n\n\n<p>M1-4 Limhamns Stationsv\u00e4g 36<br>216 47 Limhamn<\/p>\n\n\n\n<p>M3-1 Babordsgatan 1<br>216 47 Limhamn<\/p>\n\n\n\n<p>M3-2 Babordsgatan 3<br>216 47 Limhamn<\/p>\n\n\n\n<p>M3-3 Babordsgatan 5<br>216 47 Limhamn<\/p>\n","protected":false},"excerpt":{"rendered":"<p>L\u00e4genheter: M2-1002 &#8211;M2-1003 Murbruksgatan 19216 47 Limhamn M2-1004** Babordsgatan 7216 47 Limhamn M2-1101 &#8211;M2-1103 Murbruksgatan 19216 47 Limhamn M2-1104**Babordsgatan 9216 47 Limhamn M2-1201 &#8211;M2-1501Murbruksgatan 19216 47 Limhamn M4A-1001\u2014M4A-1603 Limhamns Stationsv\u00e4g 26216 47 Limhamn M4B-1001 \u2013M4B-1701 Limhamns Stationsv\u00e4g 22216 47 Limhamn Gathus: M1-1 Limhamns Stationsv\u00e4g 30216 47 Limhamn M1-2 Limhamns Stationsv\u00e4g 32216 47 Limhamn M1-3 Limhamns &hellip; <\/p>\n<p class=\"link-more\"><a href=\"https:\/\/brfstyrbord.se\/?page_id=85\" class=\"more-link\">Forts\u00e4tt l\u00e4sa<span class=\"screen-reader-text\"> &#8221;Adresser&#8221;<\/span><\/a><\/p>\n","protected":false},"author":1,"featured_media":95,"parent":0,"menu_order":0,"comment_status":"closed","ping_status":"closed","template":"","meta":{"footnotes":""},"class_list":["post-85","page","type-page","status-publish","has-post-thumbnail","hentry"],"_links":{"self":[{"href":"https:\/\/brfstyrbord.se\/index.php?rest_route=\/wp\/v2\/pages\/85","targetHints":{"allow":["GET"]}}],"collection":[{"href":"https:\/\/brfstyrbord.se\/index.php?rest_route=\/wp\/v2\/pages"}],"about":[{"href":"https:\/\/brfstyrbord.se\/index.php?rest_route=\/wp\/v2\/types\/page"}],"author":[{"embeddable":true,"href":"https:\/\/brfstyrbord.se\/index.php?rest_route=\/wp\/v2\/users\/1"}],"replies":[{"embeddable":true,"href":"https:\/\/brfstyrbord.se\/index.php?rest_route=%2Fwp%2Fv2%2Fcomments&post=85"}],"version-history":[{"count":13,"href":"https:\/\/brfstyrbord.se\/index.php?rest_route=\/wp\/v2\/pages\/85\/revisions"}],"predecessor-version":[{"id":926,"href":"https:\/\/brfstyrbord.se\/index.php?rest_route=\/wp\/v2\/pages\/85\/revisions\/926"}],"wp:featuredmedia":[{"embeddable":true,"href":"https:\/\/brfstyrbord.se\/index.php?rest_route=\/wp\/v2\/media\/95"}],"wp:attachment":[{"href":"https:\/\/brfstyrbord.se\/index.php?rest_route=%2Fwp%2Fv2%2Fmedia&parent=85"}],"curies":[{"name":"wp","href":"https:\/\/api.w.org\/{rel}","templated":true}]}}