{"id":941,"date":"2020-09-30T09:35:31","date_gmt":"2020-09-30T07:35:31","guid":{"rendered":"https:\/\/brfstyrbord.se\/?page_id=941"},"modified":"2022-11-18T10:00:14","modified_gmt":"2022-11-18T09:00:14","slug":"nycklar","status":"publish","type":"page","link":"https:\/\/brfstyrbord.se\/?page_id=941","title":{"rendered":"Nycklar och l\u00e5s"},"content":{"rendered":"\n<p>Fler nycklar och taggar best\u00e4lls via byggnadens f\u00f6rvaltare Bredablick. P\u00e5 brf Styrbords hemsida under flik \u00a0\u201dkontakt\u201d finns en blankett att l\u00e4mna anm\u00e4lan p\u00e5. Ange vilken bostadsr\u00e4ttsf\u00f6rening det r\u00f6r sig om s\u00e5 blir ni sedan kontaktad och f\u00e5r information om hur ni ska g\u00e5 tillv\u00e4ga.<\/p>\n\n\n\n<p><\/p>\n\n\n\n<p>L\u00e5ssystem och nycklar tillh\u00f6r hela huset och \u00e4r d\u00e4rmed en fr\u00e5ga f\u00f6r styrelsen i Brf.<\/p>\n\n\n\n<p><br>Den som \u00e4r intresserad av att installera kodl\u00e5s kontaktar styrelsen med en fr\u00e5ga via fliken \u201dKontakt\u201d.<\/p>\n\n\n\n<p><br>OBS att huset har s\u00e4kerhetsd\u00f6rrar av en klass som inte \u00e4r kompatibel med t ex Yale Doorman.<\/p>\n\n\n\n<h2 class=\"wp-block-heading\">Ladda ner broschyrer:<\/h2>\n\n\n\n<ul class=\"wp-block-list\" id=\"block-fe1f9159-4089-471f-81e0-3737560de230\"><li><a href=\"https:\/\/brfstyrbord.se\/wp-content\/uploads\/2020\/09\/Aptusnyckel-Produktblad-Swe.pdf\">Aptusnyckel.pdf<\/a><\/li><li><a href=\"https:\/\/brfstyrbord.se\/wp-content\/uploads\/2020\/09\/Nycklar-tagg-text.pdf\">Nycklar.pdf<\/a><\/li><\/ul>\n","protected":false},"excerpt":{"rendered":"<p>Fler nycklar och taggar best\u00e4lls via byggnadens f\u00f6rvaltare Bredablick. P\u00e5 brf Styrbords hemsida under flik \u00a0\u201dkontakt\u201d finns en blankett att l\u00e4mna anm\u00e4lan p\u00e5. Ange vilken bostadsr\u00e4ttsf\u00f6rening det r\u00f6r sig om s\u00e5 blir ni sedan kontaktad och f\u00e5r information om hur ni ska g\u00e5 tillv\u00e4ga. L\u00e5ssystem och nycklar tillh\u00f6r hela huset och \u00e4r d\u00e4rmed en fr\u00e5ga &hellip; <\/p>\n<p class=\"link-more\"><a href=\"https:\/\/brfstyrbord.se\/?page_id=941\" class=\"more-link\">Forts\u00e4tt l\u00e4sa<span class=\"screen-reader-text\"> &#8221;Nycklar och l\u00e5s&#8221;<\/span><\/a><\/p>\n","protected":false},"author":1,"featured_media":0,"parent":0,"menu_order":0,"comment_status":"closed","ping_status":"closed","template":"","meta":{"footnotes":""},"class_list":["post-941","page","type-page","status-publish","hentry"],"_links":{"self":[{"href":"https:\/\/brfstyrbord.se\/index.php?rest_route=\/wp\/v2\/pages\/941","targetHints":{"allow":["GET"]}}],"collection":[{"href":"https:\/\/brfstyrbord.se\/index.php?rest_route=\/wp\/v2\/pages"}],"about":[{"href":"https:\/\/brfstyrbord.se\/index.php?rest_route=\/wp\/v2\/types\/page"}],"author":[{"embeddable":true,"href":"https:\/\/brfstyrbord.se\/index.php?rest_route=\/wp\/v2\/users\/1"}],"replies":[{"embeddable":true,"href":"https:\/\/brfstyrbord.se\/index.php?rest_route=%2Fwp%2Fv2%2Fcomments&post=941"}],"version-history":[{"count":4,"href":"https:\/\/brfstyrbord.se\/index.php?rest_route=\/wp\/v2\/pages\/941\/revisions"}],"predecessor-version":[{"id":1016,"href":"https:\/\/brfstyrbord.se\/index.php?rest_route=\/wp\/v2\/pages\/941\/revisions\/1016"}],"wp:attachment":[{"href":"https:\/\/brfstyrbord.se\/index.php?rest_route=%2Fwp%2Fv2%2Fmedia&parent=941"}],"curies":[{"name":"wp","href":"https:\/\/api.w.org\/{rel}","templated":true}]}}