{"id":98,"date":"2020-09-09T09:05:12","date_gmt":"2020-09-09T07:05:12","guid":{"rendered":"https:\/\/brfstyrbord.se\/?page_id=98"},"modified":"2026-01-12T15:31:31","modified_gmt":"2026-01-12T14:31:31","slug":"ekonomisk-forvaltning","status":"publish","type":"page","link":"https:\/\/brfstyrbord.se\/?page_id=98","title":{"rendered":"Ekonomisk f\u00f6rvaltning"},"content":{"rendered":"\n<p>Bostadsr\u00e4ttsf\u00f6reningens ekonomi finns redovisas i den s\u00e5 kallade Ekonomiska planen och \u00e4r underlag f\u00f6r bland annat det Uppl\u00e5telseavtal som varje medlem i bostadsr\u00e4ttsf\u00f6reningen tecknar. Se nedan om uppl\u00e5telseavtal.<\/p>\n\n\n\n<p>Beslut om ekonomin tas \u00f6vergripande av en \u00c5rsst\u00e4mma som ger styrelsen uppdraget att besluta inom de besluten. Det praktiska arbetet med f\u00f6reningens ekonomi sk\u00f6ts av en professionell f\u00f6rvaltare. SBC har handlats upp av bostadsr\u00e4ttsf\u00f6reningens styrelse och har varit med i projektets utveckling. Se mer i SBCs kundportal<\/p>\n\n\n\n<p><\/p>\n","protected":false},"excerpt":{"rendered":"<p>Bostadsr\u00e4ttsf\u00f6reningens ekonomi finns redovisas i den s\u00e5 kallade Ekonomiska planen och \u00e4r underlag f\u00f6r bland annat det Uppl\u00e5telseavtal som varje medlem i bostadsr\u00e4ttsf\u00f6reningen tecknar. Se nedan om uppl\u00e5telseavtal. Beslut om ekonomin tas \u00f6vergripande av en \u00c5rsst\u00e4mma som ger styrelsen uppdraget att besluta inom de besluten. Det praktiska arbetet med f\u00f6reningens ekonomi sk\u00f6ts av en professionell &hellip; <\/p>\n<p class=\"link-more\"><a href=\"https:\/\/brfstyrbord.se\/?page_id=98\" class=\"more-link\">Forts\u00e4tt l\u00e4sa<span class=\"screen-reader-text\"> &#8221;Ekonomisk f\u00f6rvaltning&#8221;<\/span><\/a><\/p>\n","protected":false},"author":1,"featured_media":101,"parent":0,"menu_order":0,"comment_status":"closed","ping_status":"closed","template":"","meta":{"footnotes":""},"class_list":["post-98","page","type-page","status-publish","has-post-thumbnail","hentry"],"_links":{"self":[{"href":"https:\/\/brfstyrbord.se\/index.php?rest_route=\/wp\/v2\/pages\/98","targetHints":{"allow":["GET"]}}],"collection":[{"href":"https:\/\/brfstyrbord.se\/index.php?rest_route=\/wp\/v2\/pages"}],"about":[{"href":"https:\/\/brfstyrbord.se\/index.php?rest_route=\/wp\/v2\/types\/page"}],"author":[{"embeddable":true,"href":"https:\/\/brfstyrbord.se\/index.php?rest_route=\/wp\/v2\/users\/1"}],"replies":[{"embeddable":true,"href":"https:\/\/brfstyrbord.se\/index.php?rest_route=%2Fwp%2Fv2%2Fcomments&post=98"}],"version-history":[{"count":4,"href":"https:\/\/brfstyrbord.se\/index.php?rest_route=\/wp\/v2\/pages\/98\/revisions"}],"predecessor-version":[{"id":1301,"href":"https:\/\/brfstyrbord.se\/index.php?rest_route=\/wp\/v2\/pages\/98\/revisions\/1301"}],"wp:featuredmedia":[{"embeddable":true,"href":"https:\/\/brfstyrbord.se\/index.php?rest_route=\/wp\/v2\/media\/101"}],"wp:attachment":[{"href":"https:\/\/brfstyrbord.se\/index.php?rest_route=%2Fwp%2Fv2%2Fmedia&parent=98"}],"curies":[{"name":"wp","href":"https:\/\/api.w.org\/{rel}","templated":true}]}}