{"id":986,"date":"2020-10-01T11:54:11","date_gmt":"2020-10-01T09:54:11","guid":{"rendered":"https:\/\/brfstyrbord.se\/?page_id=986"},"modified":"2022-11-18T10:00:27","modified_gmt":"2022-11-18T09:00:27","slug":"barnvagnar-och-rullstolar","status":"publish","type":"page","link":"https:\/\/brfstyrbord.se\/?page_id=986","title":{"rendered":"Barnvagnar och rullstolar"},"content":{"rendered":"\n<p>I k\u00e4llaren, i anslutning till varje trapphus, finns ett rum f\u00f6r barnvagnar, rullstolar och liknande. D\u00f6rren \u00e4r skyltad.<\/p>\n","protected":false},"excerpt":{"rendered":"<p>I k\u00e4llaren, i anslutning till varje trapphus, finns ett rum f\u00f6r barnvagnar, rullstolar och liknande. D\u00f6rren \u00e4r skyltad.<\/p>\n","protected":false},"author":1,"featured_media":0,"parent":0,"menu_order":0,"comment_status":"closed","ping_status":"closed","template":"","meta":{"footnotes":""},"class_list":["post-986","page","type-page","status-publish","hentry"],"_links":{"self":[{"href":"https:\/\/brfstyrbord.se\/index.php?rest_route=\/wp\/v2\/pages\/986","targetHints":{"allow":["GET"]}}],"collection":[{"href":"https:\/\/brfstyrbord.se\/index.php?rest_route=\/wp\/v2\/pages"}],"about":[{"href":"https:\/\/brfstyrbord.se\/index.php?rest_route=\/wp\/v2\/types\/page"}],"author":[{"embeddable":true,"href":"https:\/\/brfstyrbord.se\/index.php?rest_route=\/wp\/v2\/users\/1"}],"replies":[{"embeddable":true,"href":"https:\/\/brfstyrbord.se\/index.php?rest_route=%2Fwp%2Fv2%2Fcomments&post=986"}],"version-history":[{"count":1,"href":"https:\/\/brfstyrbord.se\/index.php?rest_route=\/wp\/v2\/pages\/986\/revisions"}],"predecessor-version":[{"id":987,"href":"https:\/\/brfstyrbord.se\/index.php?rest_route=\/wp\/v2\/pages\/986\/revisions\/987"}],"wp:attachment":[{"href":"https:\/\/brfstyrbord.se\/index.php?rest_route=%2Fwp%2Fv2%2Fmedia&parent=986"}],"curies":[{"name":"wp","href":"https:\/\/api.w.org\/{rel}","templated":true}]}}